{"id":27395,"date":"2025-11-07T23:45:02","date_gmt":"2025-11-07T22:45:02","guid":{"rendered":"https:\/\/www.ernstbrunn-apotheke.at\/katalog\/produkt\/eucerin-ph5-waschlotion-400-ml\/"},"modified":"2025-12-08T14:56:17","modified_gmt":"2025-12-08T13:56:17","slug":"eucerin-ph5-waschlotion-400-ml","status":"publish","type":"product","link":"https:\/\/www.ernstbrunn-apotheke.at\/katalog\/produkt\/eucerin-ph5-waschlotion-400-ml\/","title":{"rendered":"Eucerin pH5 Waschlotion 400 ml"},"content":{"rendered":"<p>Eucerin pH5 Waschlotion eignet sich zur t\u00e4glichen Reinigung von Gesicht und K\u00f6rper \u2013 selbst bei Seifenunvertr\u00e4glichkeit. Sie reinigt besonders mild und erh\u00e4lt den Eigenschutz der Haut durch die besonders hautvertr\u00e4gliche Formel. Eucerin ph5 Waschlotion ist Alkaliseifenfrei. Der einzigartige Eucerin pH5 EnzymSchutz aktiviert nachweislich die hauteigenen Enzyme und st\u00e4rkt so die Barrierefunktion der Haut. Auf diese Weise werden Pollen am Eindringen in die Haut gehindert Der pH5 Citratpuffer stabilisiert den hauteigenen pH Wert.<\/p>\n","protected":false},"excerpt":{"rendered":"<p>Eucerin pH5 Waschlotion eignet sich zur t\u00e4glichen Reinigung von Gesicht und K\u00f6rper \u2013 selbst bei Seifenunvertr\u00e4glichkeit. Sie reinigt besonders mild und erh\u00e4lt den Eigenschutz der Haut durch die besonders hautvertr\u00e4gliche Formel. Eucerin ph5 Waschlotion ist Alkaliseifenfrei. Der einzigartige Eucerin pH5 EnzymSchutz aktiviert nachweislich die hauteigenen Enzyme und st\u00e4rkt so die Barrierefunktion der Haut. Auf diese [&hellip;]<\/p>\n","protected":false},"featured_media":27397,"template":"","meta":{"_acf_changed":false},"product_brand":[334],"product_cat":[794],"product_tag":[],"class_list":{"0":"post-27395","1":"product","2":"type-product","3":"status-publish","4":"has-post-thumbnail","6":"product_brand-eucerin","7":"product_cat-e","8":"pa_packungsgroesse-400ml","10":"first","11":"instock","12":"shipping-taxable","13":"purchasable","14":"product-type-simple"},"acf":[],"_links":{"self":[{"href":"https:\/\/www.ernstbrunn-apotheke.at\/katalog\/wp-json\/wp\/v2\/product\/27395","targetHints":{"allow":["GET"]}}],"collection":[{"href":"https:\/\/www.ernstbrunn-apotheke.at\/katalog\/wp-json\/wp\/v2\/product"}],"about":[{"href":"https:\/\/www.ernstbrunn-apotheke.at\/katalog\/wp-json\/wp\/v2\/types\/product"}],"wp:featuredmedia":[{"embeddable":true,"href":"https:\/\/www.ernstbrunn-apotheke.at\/katalog\/wp-json\/wp\/v2\/media\/27397"}],"wp:attachment":[{"href":"https:\/\/www.ernstbrunn-apotheke.at\/katalog\/wp-json\/wp\/v2\/media?parent=27395"}],"wp:term":[{"taxonomy":"product_brand","embeddable":true,"href":"https:\/\/www.ernstbrunn-apotheke.at\/katalog\/wp-json\/wp\/v2\/product_brand?post=27395"},{"taxonomy":"product_cat","embeddable":true,"href":"https:\/\/www.ernstbrunn-apotheke.at\/katalog\/wp-json\/wp\/v2\/product_cat?post=27395"},{"taxonomy":"product_tag","embeddable":true,"href":"https:\/\/www.ernstbrunn-apotheke.at\/katalog\/wp-json\/wp\/v2\/product_tag?post=27395"}],"curies":[{"name":"wp","href":"https:\/\/api.w.org\/{rel}","templated":true}]}}