{"id":27382,"date":"2025-11-07T23:45:02","date_gmt":"2025-11-07T22:45:02","guid":{"rendered":"https:\/\/www.ernstbrunn-apotheke.at\/katalog\/produkt\/dermasel-badesalz-spa-400-g-erkaeltung\/"},"modified":"2025-12-08T14:56:11","modified_gmt":"2025-12-08T13:56:11","slug":"dermasel-badesalz-spa-400-g-erkaeltung","status":"publish","type":"product","link":"https:\/\/www.ernstbrunn-apotheke.at\/katalog\/produkt\/dermasel-badesalz-spa-400-g-erkaeltung\/","title":{"rendered":"Dermasel Badesalz spa 400 g Erk\u00e4ltung"},"content":{"rendered":"<p>Dermasel Badesalz spa verw\u00f6hnt mit duftenden Essenzen und ausgesuchten Naturextrakten. In Kombination mit den wertvollen Mineralsalzen aus dem Toten Meer bilden sie eine ganzheitlich Wellness-Pflege. F\u00fcr vollendenten Einklang von K\u00f6rper und Seele und ein wunderbar glattes Hautgef\u00fchl.<\/p>\n","protected":false},"excerpt":{"rendered":"<p>Dermasel Badesalz spa verw\u00f6hnt mit duftenden Essenzen und ausgesuchten Naturextrakten. In Kombination mit den wertvollen Mineralsalzen aus dem Toten Meer bilden sie eine ganzheitlich Wellness-Pflege. F\u00fcr vollendenten Einklang von K\u00f6rper und Seele und ein wunderbar glattes Hautgef\u00fchl.<\/p>\n","protected":false},"featured_media":27384,"template":"","meta":{"_acf_changed":false},"product_brand":[684],"product_cat":[792],"product_tag":[],"class_list":{"0":"post-27382","1":"product","2":"type-product","3":"status-publish","4":"has-post-thumbnail","6":"product_brand-dermasel","7":"product_cat-d","8":"pa_packungsgroesse-400g","10":"first","11":"instock","12":"shipping-taxable","13":"purchasable","14":"product-type-simple"},"acf":[],"_links":{"self":[{"href":"https:\/\/www.ernstbrunn-apotheke.at\/katalog\/wp-json\/wp\/v2\/product\/27382","targetHints":{"allow":["GET"]}}],"collection":[{"href":"https:\/\/www.ernstbrunn-apotheke.at\/katalog\/wp-json\/wp\/v2\/product"}],"about":[{"href":"https:\/\/www.ernstbrunn-apotheke.at\/katalog\/wp-json\/wp\/v2\/types\/product"}],"wp:featuredmedia":[{"embeddable":true,"href":"https:\/\/www.ernstbrunn-apotheke.at\/katalog\/wp-json\/wp\/v2\/media\/27384"}],"wp:attachment":[{"href":"https:\/\/www.ernstbrunn-apotheke.at\/katalog\/wp-json\/wp\/v2\/media?parent=27382"}],"wp:term":[{"taxonomy":"product_brand","embeddable":true,"href":"https:\/\/www.ernstbrunn-apotheke.at\/katalog\/wp-json\/wp\/v2\/product_brand?post=27382"},{"taxonomy":"product_cat","embeddable":true,"href":"https:\/\/www.ernstbrunn-apotheke.at\/katalog\/wp-json\/wp\/v2\/product_cat?post=27382"},{"taxonomy":"product_tag","embeddable":true,"href":"https:\/\/www.ernstbrunn-apotheke.at\/katalog\/wp-json\/wp\/v2\/product_tag?post=27382"}],"curies":[{"name":"wp","href":"https:\/\/api.w.org\/{rel}","templated":true}]}}