{"id":27309,"date":"2025-11-07T23:43:54","date_gmt":"2025-11-07T22:43:54","guid":{"rendered":"https:\/\/www.ernstbrunn-apotheke.at\/katalog\/produkt\/eubos-waschstueck-sensitive-125-g\/"},"modified":"2025-12-08T14:55:56","modified_gmt":"2025-12-08T13:55:56","slug":"eubos-waschstueck-sensitive-125-g","status":"publish","type":"product","link":"https:\/\/www.ernstbrunn-apotheke.at\/katalog\/produkt\/eubos-waschstueck-sensitive-125-g\/","title":{"rendered":"Eubos Waschst\u00fcck Sensitive 125 g"},"content":{"rendered":"<p>Eubos Fest Waschst\u00fcck Sensitive ist ein seifenfreies Waschst\u00fcck (Syndet) zur t\u00e4glichen, medizinisch schonenden K\u00f6rperreinigung f\u00fcr Mischhaut und unreine Haut.<\/p>\n","protected":false},"excerpt":{"rendered":"<p>Eubos Fest Waschst\u00fcck Sensitive ist ein seifenfreies Waschst\u00fcck (Syndet) zur t\u00e4glichen, medizinisch schonenden K\u00f6rperreinigung f\u00fcr Mischhaut und unreine Haut.<\/p>\n","protected":false},"featured_media":27311,"template":"","meta":{"_acf_changed":false},"product_brand":[694],"product_cat":[794],"product_tag":[],"class_list":{"0":"post-27309","1":"product","2":"type-product","3":"status-publish","4":"has-post-thumbnail","6":"product_brand-eubos","7":"product_cat-e","8":"pa_packungsgroesse-125g","10":"first","11":"instock","12":"shipping-taxable","13":"purchasable","14":"product-type-simple"},"acf":[],"_links":{"self":[{"href":"https:\/\/www.ernstbrunn-apotheke.at\/katalog\/wp-json\/wp\/v2\/product\/27309","targetHints":{"allow":["GET"]}}],"collection":[{"href":"https:\/\/www.ernstbrunn-apotheke.at\/katalog\/wp-json\/wp\/v2\/product"}],"about":[{"href":"https:\/\/www.ernstbrunn-apotheke.at\/katalog\/wp-json\/wp\/v2\/types\/product"}],"wp:featuredmedia":[{"embeddable":true,"href":"https:\/\/www.ernstbrunn-apotheke.at\/katalog\/wp-json\/wp\/v2\/media\/27311"}],"wp:attachment":[{"href":"https:\/\/www.ernstbrunn-apotheke.at\/katalog\/wp-json\/wp\/v2\/media?parent=27309"}],"wp:term":[{"taxonomy":"product_brand","embeddable":true,"href":"https:\/\/www.ernstbrunn-apotheke.at\/katalog\/wp-json\/wp\/v2\/product_brand?post=27309"},{"taxonomy":"product_cat","embeddable":true,"href":"https:\/\/www.ernstbrunn-apotheke.at\/katalog\/wp-json\/wp\/v2\/product_cat?post=27309"},{"taxonomy":"product_tag","embeddable":true,"href":"https:\/\/www.ernstbrunn-apotheke.at\/katalog\/wp-json\/wp\/v2\/product_tag?post=27309"}],"curies":[{"name":"wp","href":"https:\/\/api.w.org\/{rel}","templated":true}]}}