{"id":27267,"date":"2025-11-07T23:42:10","date_gmt":"2025-11-07T22:42:10","guid":{"rendered":"https:\/\/www.ernstbrunn-apotheke.at\/katalog\/produkt\/excipial-u-lipolotion-200-ml\/"},"modified":"2025-12-08T14:55:35","modified_gmt":"2025-12-08T13:55:35","slug":"excipial-u-lipolotion-200-ml","status":"publish","type":"product","link":"https:\/\/www.ernstbrunn-apotheke.at\/katalog\/produkt\/excipial-u-lipolotion-200-ml\/","title":{"rendered":"Excipial U Lipolotion 200 ml"},"content":{"rendered":"<p>Excipial U Lipolotion versorgt die Haut mit 4% Urea. Der Wassergehalt der Haut wird erh\u00f6ht und langanhaltend gebunden. Gleichzeitig st\u00e4rkt eine reichhaltige Lipidkombination die Hautbarriere und sorgt f\u00fcr ein angenehm glattes und weiches Hautgef\u00fchl.<\/p>\n","protected":false},"excerpt":{"rendered":"<p>Excipial U Lipolotion versorgt die Haut mit 4% Urea. Der Wassergehalt der Haut wird erh\u00f6ht und langanhaltend gebunden. Gleichzeitig st\u00e4rkt eine reichhaltige Lipidkombination die Hautbarriere und sorgt f\u00fcr ein angenehm glattes und weiches Hautgef\u00fchl.<\/p>\n","protected":false},"featured_media":27269,"template":"","meta":{"_acf_changed":false},"product_brand":[780],"product_cat":[794],"product_tag":[],"class_list":{"0":"post-27267","1":"product","2":"type-product","3":"status-publish","4":"has-post-thumbnail","6":"product_brand-excipial","7":"product_cat-e","8":"pa_packungsgroesse-200ml","10":"first","11":"instock","12":"shipping-taxable","13":"purchasable","14":"product-type-simple"},"acf":[],"_links":{"self":[{"href":"https:\/\/www.ernstbrunn-apotheke.at\/katalog\/wp-json\/wp\/v2\/product\/27267","targetHints":{"allow":["GET"]}}],"collection":[{"href":"https:\/\/www.ernstbrunn-apotheke.at\/katalog\/wp-json\/wp\/v2\/product"}],"about":[{"href":"https:\/\/www.ernstbrunn-apotheke.at\/katalog\/wp-json\/wp\/v2\/types\/product"}],"wp:featuredmedia":[{"embeddable":true,"href":"https:\/\/www.ernstbrunn-apotheke.at\/katalog\/wp-json\/wp\/v2\/media\/27269"}],"wp:attachment":[{"href":"https:\/\/www.ernstbrunn-apotheke.at\/katalog\/wp-json\/wp\/v2\/media?parent=27267"}],"wp:term":[{"taxonomy":"product_brand","embeddable":true,"href":"https:\/\/www.ernstbrunn-apotheke.at\/katalog\/wp-json\/wp\/v2\/product_brand?post=27267"},{"taxonomy":"product_cat","embeddable":true,"href":"https:\/\/www.ernstbrunn-apotheke.at\/katalog\/wp-json\/wp\/v2\/product_cat?post=27267"},{"taxonomy":"product_tag","embeddable":true,"href":"https:\/\/www.ernstbrunn-apotheke.at\/katalog\/wp-json\/wp\/v2\/product_tag?post=27267"}],"curies":[{"name":"wp","href":"https:\/\/api.w.org\/{rel}","templated":true}]}}