{"id":27253,"date":"2025-11-07T23:42:10","date_gmt":"2025-11-07T22:42:10","guid":{"rendered":"https:\/\/www.ernstbrunn-apotheke.at\/katalog\/produkt\/linola-schutz-balsam-50-ml\/"},"modified":"2025-12-08T14:55:33","modified_gmt":"2025-12-08T13:55:33","slug":"linola-schutz-balsam-50-ml","status":"publish","type":"product","link":"https:\/\/www.ernstbrunn-apotheke.at\/katalog\/produkt\/linola-schutz-balsam-50-ml\/","title":{"rendered":"Linola Schutz-Balsam 50 ml"},"content":{"rendered":"<p><strong>Linola Schutz-Balsam \/ Atmungsaktiver Schutzfilm \/ Wundcreme zum Schutz gereizter Haut \/ <\/strong><strong>Schutz vor N\u00e4sse und Wundscheuern<\/strong><\/p>\n<p>&#13;<\/p>\n<p><strong>Produkt auf einen Blick:<\/strong><\/p>\n<p>&#13;<\/p>\n<ul>&#13;<\/p>\n<li>reduziert Wundwerden an allen Hautpartien, die h\u00e4ufig Reibung ausgesetzt sind<\/li>\n<p>&#13;<\/p>\n<li>bildet atmungsaktiven Schutzfilm auf gereizter oder leicht ger\u00f6teter Haut<\/li>\n<p>&#13;<\/p>\n<li>Schutz vor N\u00e4sse und Wundscheuern<\/li>\n<p>&#13;<\/p>\n<li>wirkt Hautirritationen entgegen<\/li>\n<p>&#13;<\/p>\n<li>besonders geeignet f\u00fcr alle Hautpartien, die h\u00e4ufig Reibung ausgesetzt sind: bspw. im Intimbereich, am Po, an den Innenseiten der Oberschenkel, unter den Armen oder der Brust<\/li>\n<p>&#13;<\/p>\n<li>vegan und ohne Silikone, Parabene, Mineral\u00f6le und Mikroplastik<\/li>\n<p>&#13;\n<\/ul>\n<p>&#13;<\/p>\n<p>Wunde und gereizte Haut kann \u00fcberall dort entstehen, wo Kleidung scheuert, Hautfl\u00e4chen aneinander reiben oder sich Schwei\u00df oder Urin in Hautfalten staut. Gerade im empfindlichen Intimbereich, aber auch unter den Armen, im Brustbereich oder zwischen den Oberschenkeln kann dies besonders leicht passieren und so das Wohlbefinden und die Bewegungsfreiheit einschr\u00e4nken.<\/p>\n<p>&#13;<\/p>\n<p>Um solchen Problemen entgegenzuwirken, wurde der atmungsaktive Linola Schutz-Balsam entwickelt. Die Wundschutzcreme h\u00e4lt durch einen weichen Schutzfilm Reizstoffe und Reizungen von der Haut fern, ohne dass in der Haut ein Feuchtigkeitsstau entsteht. Gleichzeitig wirken wertvolle Komponenten aus Pflanzen Hautirritationen entgegen. Bei Haut, die bereits gereizt ist, tragen diese Eigenschaften zur Beruhigung und Regeneration bei.<\/p>\n","protected":false},"excerpt":{"rendered":"<p>Linola Schutz-Balsam \/ Atmungsaktiver Schutzfilm \/ Wundcreme zum Schutz gereizter Haut \/ Schutz vor N\u00e4sse und Wundscheuern &#13; Produkt auf einen Blick: &#13; &#13; reduziert Wundwerden an allen Hautpartien, die h\u00e4ufig Reibung ausgesetzt sind &#13; bildet atmungsaktiven Schutzfilm auf gereizter oder leicht ger\u00f6teter Haut &#13; Schutz vor N\u00e4sse und Wundscheuern &#13; wirkt Hautirritationen entgegen &#13; [&hellip;]<\/p>\n","protected":false},"featured_media":27255,"template":"","meta":{"_acf_changed":false},"product_brand":[686],"product_cat":[795],"product_tag":[],"class_list":{"0":"post-27253","1":"product","2":"type-product","3":"status-publish","4":"has-post-thumbnail","6":"product_brand-linola","7":"product_cat-l","8":"pa_packungsgroesse-50ml","10":"first","11":"instock","12":"shipping-taxable","13":"purchasable","14":"product-type-simple"},"acf":[],"_links":{"self":[{"href":"https:\/\/www.ernstbrunn-apotheke.at\/katalog\/wp-json\/wp\/v2\/product\/27253","targetHints":{"allow":["GET"]}}],"collection":[{"href":"https:\/\/www.ernstbrunn-apotheke.at\/katalog\/wp-json\/wp\/v2\/product"}],"about":[{"href":"https:\/\/www.ernstbrunn-apotheke.at\/katalog\/wp-json\/wp\/v2\/types\/product"}],"wp:featuredmedia":[{"embeddable":true,"href":"https:\/\/www.ernstbrunn-apotheke.at\/katalog\/wp-json\/wp\/v2\/media\/27255"}],"wp:attachment":[{"href":"https:\/\/www.ernstbrunn-apotheke.at\/katalog\/wp-json\/wp\/v2\/media?parent=27253"}],"wp:term":[{"taxonomy":"product_brand","embeddable":true,"href":"https:\/\/www.ernstbrunn-apotheke.at\/katalog\/wp-json\/wp\/v2\/product_brand?post=27253"},{"taxonomy":"product_cat","embeddable":true,"href":"https:\/\/www.ernstbrunn-apotheke.at\/katalog\/wp-json\/wp\/v2\/product_cat?post=27253"},{"taxonomy":"product_tag","embeddable":true,"href":"https:\/\/www.ernstbrunn-apotheke.at\/katalog\/wp-json\/wp\/v2\/product_tag?post=27253"}],"curies":[{"name":"wp","href":"https:\/\/api.w.org\/{rel}","templated":true}]}}