{"id":27246,"date":"2025-11-07T23:42:10","date_gmt":"2025-11-07T22:42:10","guid":{"rendered":"https:\/\/www.ernstbrunn-apotheke.at\/katalog\/produkt\/linola-hautmilch-200-ml\/"},"modified":"2025-12-08T14:55:30","modified_gmt":"2025-12-08T13:55:30","slug":"linola-hautmilch-200-ml","status":"publish","type":"product","link":"https:\/\/www.ernstbrunn-apotheke.at\/katalog\/produkt\/linola-hautmilch-200-ml\/","title":{"rendered":"Linola Hautmilch 200 ml"},"content":{"rendered":"<p><strong>Linola Hautmilch \/ K\u00f6rperlotion f\u00fcr trockene Haut \/ Vermindert Spannungsgef\u00fchl und Juckreiz<\/strong><\/p>\n<p>&#13;<\/p>\n<p><strong>Produkt auf einen Blick:<\/strong><\/p>\n<p>&#13;<\/p>\n<ul>&#13;<\/p>\n<li>\u00a0t\u00e4gliche Pflege von trockener, schuppiger, spannender und juckender Haut<\/li>\n<p>&#13;<\/p>\n<li>vermindert Spannungsgef\u00fchle und Juckreiz<\/li>\n<p>&#13;<\/p>\n<li>sch\u00fctzt und f\u00f6rdert Regeneration trockener Haut<\/li>\n<p>&#13;<\/p>\n<li>geeignet zur begleitenden Basispflege bei Neigung zu Neurodermitis, Schuppenflechte und Austrocknungsekzemen<\/li>\n<p>&#13;<\/p>\n<li>Anwendung nach Behandlung von Hauterkrankungen (z. B. mit Kortikoiden) bis zur endg\u00fcltigen Regeneration der Haut<\/li>\n<p>&#13;<\/p>\n<li>Vertr\u00e4glichkeit dermatologisch getestet<\/li>\n<p>&#13;<\/p>\n<li>vegan und ohne Silikone, Parabene oder Mikroplastik<\/li>\n<p>&#13;\n<\/ul>\n<p>&#13;<\/p>\n<p>Linola Hautmilch ist eine besondere Intensiv- und Basispflege f\u00fcr den ganzen K\u00f6rper und bei allen Formen trockener Haut geeignet. Die K\u00f6rperlotion mit wertvollen Linols\u00e4uren eignet sich f\u00fcr die t\u00e4gliche Ganzk\u00f6rperpflege.<br \/>Bei trockener Haut ist oft die Hautbarriere, die sie nat\u00fcrlicherweise vor Feuchtigkeitsverlust und sch\u00e4dlichen Einfl\u00fcssen von au\u00dfen sch\u00fctzt, geschw\u00e4cht. Sch\u00fctzende Strukturlipide werden durch \u00e4u\u00dfere Einfl\u00fcsse entfernt (z.B. durch zu h\u00e4ufiges Waschen, Duschen oder Schwimmen) oder durch innere Ursachen nicht ausreichend gebildet (z.B. bei Altershaut oder Neurodermitis). Die Folge ist eine trockene, schuppige und spr\u00f6de Haut, die verst\u00e4rkt zu Entz\u00fcndungen, Juckreiz und Ekzemen neigt.<br \/>Die Linola Hautmilch enth\u00e4lt wertvolles Distel\u00f6l und ist reich an Linols\u00e4uren. Diese spezielle Fetts\u00e4ure ist f\u00fcr die Barriere der gesunden Haut unbedingt notwendig. Linols\u00e4ure kann der K\u00f6rper jedoch nicht selbst herstellen, sie muss wie ein Vitamin regelm\u00e4\u00dfig zugef\u00fcgt werden, damit auch die Haut gesund bleibt. Die K\u00f6rperlotion hilft dabei, die sch\u00fctzende Barrierefunktion der Haut wiederherzustellen. Zudem bildet Linola Hautmilch einen leichten Film um die Hornzellen, der die Haut vor weiterer Austrocknung sch\u00fctzt und zugleich das vorhandene Fett- und Feuchtigkeitsdefizit normalisiert. Die Wasser-in-\u00d6l-Emulsion mit einem Fettgehalt von 35% ist eine geschmeidige Lotion und zieht schnell in die Haut ein. So f\u00fchlt sich die Haut wieder glatt und geschmeidig an.<\/p>\n","protected":false},"excerpt":{"rendered":"<p>Linola Hautmilch \/ K\u00f6rperlotion f\u00fcr trockene Haut \/ Vermindert Spannungsgef\u00fchl und Juckreiz &#13; Produkt auf einen Blick: &#13; &#13; \u00a0t\u00e4gliche Pflege von trockener, schuppiger, spannender und juckender Haut &#13; vermindert Spannungsgef\u00fchle und Juckreiz &#13; sch\u00fctzt und f\u00f6rdert Regeneration trockener Haut &#13; geeignet zur begleitenden Basispflege bei Neigung zu Neurodermitis, Schuppenflechte und Austrocknungsekzemen &#13; Anwendung nach [&hellip;]<\/p>\n","protected":false},"featured_media":27248,"template":"","meta":{"_acf_changed":false},"product_brand":[686],"product_cat":[795],"product_tag":[],"class_list":{"0":"post-27246","1":"product","2":"type-product","3":"status-publish","4":"has-post-thumbnail","6":"product_brand-linola","7":"product_cat-l","8":"pa_packungsgroesse-200ml","10":"first","11":"instock","12":"shipping-taxable","13":"purchasable","14":"product-type-simple"},"acf":[],"_links":{"self":[{"href":"https:\/\/www.ernstbrunn-apotheke.at\/katalog\/wp-json\/wp\/v2\/product\/27246","targetHints":{"allow":["GET"]}}],"collection":[{"href":"https:\/\/www.ernstbrunn-apotheke.at\/katalog\/wp-json\/wp\/v2\/product"}],"about":[{"href":"https:\/\/www.ernstbrunn-apotheke.at\/katalog\/wp-json\/wp\/v2\/types\/product"}],"wp:featuredmedia":[{"embeddable":true,"href":"https:\/\/www.ernstbrunn-apotheke.at\/katalog\/wp-json\/wp\/v2\/media\/27248"}],"wp:attachment":[{"href":"https:\/\/www.ernstbrunn-apotheke.at\/katalog\/wp-json\/wp\/v2\/media?parent=27246"}],"wp:term":[{"taxonomy":"product_brand","embeddable":true,"href":"https:\/\/www.ernstbrunn-apotheke.at\/katalog\/wp-json\/wp\/v2\/product_brand?post=27246"},{"taxonomy":"product_cat","embeddable":true,"href":"https:\/\/www.ernstbrunn-apotheke.at\/katalog\/wp-json\/wp\/v2\/product_cat?post=27246"},{"taxonomy":"product_tag","embeddable":true,"href":"https:\/\/www.ernstbrunn-apotheke.at\/katalog\/wp-json\/wp\/v2\/product_tag?post=27246"}],"curies":[{"name":"wp","href":"https:\/\/api.w.org\/{rel}","templated":true}]}}