{"id":27204,"date":"2025-11-07T23:42:10","date_gmt":"2025-11-07T22:42:10","guid":{"rendered":"https:\/\/www.ernstbrunn-apotheke.at\/katalog\/produkt\/ombe-kapseln-fuer-die-florale-balance-der-frau-28-stk\/"},"modified":"2025-12-08T14:55:23","modified_gmt":"2025-12-08T13:55:23","slug":"ombe-kapseln-fuer-die-florale-balance-der-frau-28-stk","status":"publish","type":"product","link":"https:\/\/www.ernstbrunn-apotheke.at\/katalog\/produkt\/ombe-kapseln-fuer-die-florale-balance-der-frau-28-stk\/","title":{"rendered":"Ombe Kapseln f\u00fcr die florale Balance der Frau 28 Stk."},"content":{"rendered":"<p>Omb\u2018e\u00ae ist eine probiotische Nahrungserg\u00e4nzung speziell f\u00fcr die Frau. Es kann die Zahl der n\u00fctzlichen Lactobazillen im Vaginalbereich steigern, die florale Balance aufrecht erhalten und die Qualit\u00e4t der Scheidenflora verbessern.<\/p>\n","protected":false},"excerpt":{"rendered":"<p>Omb\u2018e\u00ae ist eine probiotische Nahrungserg\u00e4nzung speziell f\u00fcr die Frau. Es kann die Zahl der n\u00fctzlichen Lactobazillen im Vaginalbereich steigern, die florale Balance aufrecht erhalten und die Qualit\u00e4t der Scheidenflora verbessern.<\/p>\n","protected":false},"featured_media":27206,"template":"","meta":{"_acf_changed":false},"product_brand":[],"product_cat":[819],"product_tag":[],"class_list":{"0":"post-27204","1":"product","2":"type-product","3":"status-publish","4":"has-post-thumbnail","6":"product_cat-o","7":"pa_packungsgroesse-28-stueck","9":"first","10":"instock","11":"shipping-taxable","12":"purchasable","13":"product-type-simple"},"acf":[],"_links":{"self":[{"href":"https:\/\/www.ernstbrunn-apotheke.at\/katalog\/wp-json\/wp\/v2\/product\/27204","targetHints":{"allow":["GET"]}}],"collection":[{"href":"https:\/\/www.ernstbrunn-apotheke.at\/katalog\/wp-json\/wp\/v2\/product"}],"about":[{"href":"https:\/\/www.ernstbrunn-apotheke.at\/katalog\/wp-json\/wp\/v2\/types\/product"}],"wp:featuredmedia":[{"embeddable":true,"href":"https:\/\/www.ernstbrunn-apotheke.at\/katalog\/wp-json\/wp\/v2\/media\/27206"}],"wp:attachment":[{"href":"https:\/\/www.ernstbrunn-apotheke.at\/katalog\/wp-json\/wp\/v2\/media?parent=27204"}],"wp:term":[{"taxonomy":"product_brand","embeddable":true,"href":"https:\/\/www.ernstbrunn-apotheke.at\/katalog\/wp-json\/wp\/v2\/product_brand?post=27204"},{"taxonomy":"product_cat","embeddable":true,"href":"https:\/\/www.ernstbrunn-apotheke.at\/katalog\/wp-json\/wp\/v2\/product_cat?post=27204"},{"taxonomy":"product_tag","embeddable":true,"href":"https:\/\/www.ernstbrunn-apotheke.at\/katalog\/wp-json\/wp\/v2\/product_tag?post=27204"}],"curies":[{"name":"wp","href":"https:\/\/api.w.org\/{rel}","templated":true}]}}