{"id":27191,"date":"2025-11-07T23:40:55","date_gmt":"2025-11-07T22:40:55","guid":{"rendered":"https:\/\/www.ernstbrunn-apotheke.at\/katalog\/produkt\/anifer-molke-waschlotion-200-ml\/"},"modified":"2025-12-08T14:55:18","modified_gmt":"2025-12-08T13:55:18","slug":"anifer-molke-waschlotion-200-ml","status":"publish","type":"product","link":"https:\/\/www.ernstbrunn-apotheke.at\/katalog\/produkt\/anifer-molke-waschlotion-200-ml\/","title":{"rendered":"Anifer Molke Waschlotion 200 ml"},"content":{"rendered":"<p>Anifer Molke Waschlotion ist ein bew\u00e4hrtes Hausmittel f\u00fcr die t\u00e4gliche Pflege. Durch den niedrigen pH-Wert von 4,5 stabilisiert Anifer Molke Waschlotion den S\u00e4ureschutzmantel der Haut und ist f\u00fcr alle Hauttypen geeignet. Ideal f\u00fcr die t\u00e4gliche Haut-, K\u00f6rper-, Intim \u2013 und S\u00e4uglingspflege. Schon nach wenigen Anwendungen kommt es zu einer merklichen Verbesserung des Hautbilds.<\/p>\n","protected":false},"excerpt":{"rendered":"<p>Anifer Molke Waschlotion ist ein bew\u00e4hrtes Hausmittel f\u00fcr die t\u00e4gliche Pflege. Durch den niedrigen pH-Wert von 4,5 stabilisiert Anifer Molke Waschlotion den S\u00e4ureschutzmantel der Haut und ist f\u00fcr alle Hauttypen geeignet. Ideal f\u00fcr die t\u00e4gliche Haut-, K\u00f6rper-, Intim \u2013 und S\u00e4uglingspflege. Schon nach wenigen Anwendungen kommt es zu einer merklichen Verbesserung des Hautbilds.<\/p>\n","protected":false},"featured_media":27193,"template":"","meta":{"_acf_changed":false},"product_brand":[],"product_cat":[801],"product_tag":[],"class_list":{"0":"post-27191","1":"product","2":"type-product","3":"status-publish","4":"has-post-thumbnail","6":"product_cat-a","7":"pa_packungsgroesse-200ml","9":"first","10":"instock","11":"shipping-taxable","12":"purchasable","13":"product-type-simple"},"acf":[],"_links":{"self":[{"href":"https:\/\/www.ernstbrunn-apotheke.at\/katalog\/wp-json\/wp\/v2\/product\/27191","targetHints":{"allow":["GET"]}}],"collection":[{"href":"https:\/\/www.ernstbrunn-apotheke.at\/katalog\/wp-json\/wp\/v2\/product"}],"about":[{"href":"https:\/\/www.ernstbrunn-apotheke.at\/katalog\/wp-json\/wp\/v2\/types\/product"}],"wp:featuredmedia":[{"embeddable":true,"href":"https:\/\/www.ernstbrunn-apotheke.at\/katalog\/wp-json\/wp\/v2\/media\/27193"}],"wp:attachment":[{"href":"https:\/\/www.ernstbrunn-apotheke.at\/katalog\/wp-json\/wp\/v2\/media?parent=27191"}],"wp:term":[{"taxonomy":"product_brand","embeddable":true,"href":"https:\/\/www.ernstbrunn-apotheke.at\/katalog\/wp-json\/wp\/v2\/product_brand?post=27191"},{"taxonomy":"product_cat","embeddable":true,"href":"https:\/\/www.ernstbrunn-apotheke.at\/katalog\/wp-json\/wp\/v2\/product_cat?post=27191"},{"taxonomy":"product_tag","embeddable":true,"href":"https:\/\/www.ernstbrunn-apotheke.at\/katalog\/wp-json\/wp\/v2\/product_tag?post=27191"}],"curies":[{"name":"wp","href":"https:\/\/api.w.org\/{rel}","templated":true}]}}