{"id":27156,"date":"2025-11-07T23:40:55","date_gmt":"2025-11-07T22:40:55","guid":{"rendered":"https:\/\/www.ernstbrunn-apotheke.at\/katalog\/produkt\/vagisan-feuchtcreme-50-g\/"},"modified":"2025-12-08T14:55:13","modified_gmt":"2025-12-08T13:55:13","slug":"vagisan-feuchtcreme-50-g","status":"publish","type":"product","link":"https:\/\/www.ernstbrunn-apotheke.at\/katalog\/produkt\/vagisan-feuchtcreme-50-g\/","title":{"rendered":"Vagisan FeuchtCreme 50 g"},"content":{"rendered":"<p><strong>Vagisan FeuchtCreme &#8211; hormonfreie Creme gegen Scheidentrockenheit &#8211; lindert Brennen, Jucken und<\/strong><br \/><strong>Schmerzen bedingt durch eine trockene Scheide &#8211; Gegen Schmerzen beim Sex<\/strong><\/p>\n<p>&#13;<\/p>\n<p>Das Produkt auf einen Blick:<\/p>\n<p>&#13;<\/p>\n<ul>&#13;<\/p>\n<li>pflegt die Scheide und h\u00e4lt sie geschmeidig<\/li>\n<p>&#13;<\/p>\n<li>hilfreich gegen Schmerzen beim Sex<\/li>\n<p>&#13;<\/p>\n<li>lindert Juckreiz, Brennen und Trockenheitsgef\u00fchl<\/li>\n<p>&#13;<\/p>\n<li>spendet Feuchtigkeit<\/li>\n<p>&#13;<\/p>\n<li>ohne Hormone<\/li>\n<p>&#13;<\/p>\n<li>von den Vagisan Experten entwickelt<\/li>\n<p>&#13;\n<\/ul>\n<p>&#13;<\/p>\n<p>Bei der hormonfreien Vagisan FeuchtCreme handelt es sich im Unterschied zu einer rein wasserbasierten Zubereitung (die meisten Gele) um eine Creme. Die Vagisan FeuchtCreme hat neben einem hohen Wasser-Anteil auch einen pflegenden Fett-Anteil.<\/p>\n<p>&#13;<\/p>\n<p>Die wei\u00dfe, geschmeidige Creme von Vagisan versorgt die trockene Vagina mit Feuchtigkeit und pflegenden Lipiden und lindert die durch Scheidentrockenheit hervorgerufenen Symptome wie z. B. Trockenheitsgef\u00fchl, Brennen, Juckreiz oder Scheidenschmerzen. Durch den Zusatz von Milchs\u00e4ure ist die Feuchtcreme auf einen pH-Wert von 4,5 eingestellt &#8211; damit unterst\u00fctzt Vagisan FeuchtCreme die Erhaltung eines nat\u00fcrlichen S\u00e4urewertes (pH Wert) in der Scheide.<\/p>\n<p>&#13;<\/p>\n<p>Diese Scheidencreme ist frei von Hormonen (\u00d6strogenen) und kann deshalb auch zusammen mit einer systemischen Hormonersatztherapie (z. B. Tabletten, transdermale Pflaster) oder im Wechsel mit Hormon- (\u00d6strogen-)haltigen Vaginalcremes oder -z\u00e4pfchen angewandt werden. Die FeuchtCreme ist frei von Duftstoffen.<\/p>\n<p>&#13;<\/p>\n<p>Die regelm\u00e4\u00dfige Anwendung von Vagisan FeuchtCreme kann dazu beitragen, durch vaginale Trockenheit bedingte Reizungen, Entz\u00fcndungen und Schmerzen in der Scheide und im \u00e4u\u00dferen Intimbereich vorzubeugen.<\/p>\n<p>&#13;<\/p>\n<p>Vagisan FeuchtCreme kann vor dem Intimverkehr angewendet werden (als Gleitcreme), insbesondere bei Schmerzen beim Geschlechtsverkehr. Die Intimcreme beeinflusst nicht die Spermienbeweglichkeit und kann somit auch bei Kinderwunsch angewendet werden.<\/p>\n<p>&#13;<\/p>\n<p>Scheidentrockenheit betrifft vor allem Frauen in bzw. nach den Wechseljahren, aber auch j\u00fcngere Frauen k\u00f6nnen von einer trockenen Scheide betroffen sein. Oftmals ist ein \u00d6strogenmangel (in der Menopause und danach) der Grund f\u00fcr eine trockene Scheide, aber auch Hormonschwankungen oder Stress k\u00f6nnen eine Ursache sein.<\/p>\n<p>&#13;<\/p>\n<p>Scheidentrockenheit macht sich h\u00e4ufig durch Schmerzen beim Sex bemerkbar, kann die betroffenen Frauen aber auch in allt\u00e4glichen Situationen beeintr\u00e4chtigen, z. B. beim Sitzen oder Fahrradfahren.<\/p>\n<p>&#13;<\/p>\n<p>Vagisan FeuchtCreme macht die empfindliche Haut im Intimbereich angenehm geschmeidig. Das kann sich auch positiv beim Sex auswirken, insbesondere f\u00fcr Frauen, die ansonsten zu Schmerzen beim Intimverkehr durch eine trockene Scheide neigen.<\/p>\n","protected":false},"excerpt":{"rendered":"<p>Vagisan FeuchtCreme &#8211; hormonfreie Creme gegen Scheidentrockenheit &#8211; lindert Brennen, Jucken undSchmerzen bedingt durch eine trockene Scheide &#8211; Gegen Schmerzen beim Sex &#13; Das Produkt auf einen Blick: &#13; &#13; pflegt die Scheide und h\u00e4lt sie geschmeidig &#13; hilfreich gegen Schmerzen beim Sex &#13; lindert Juckreiz, Brennen und Trockenheitsgef\u00fchl &#13; spendet Feuchtigkeit &#13; ohne Hormone [&hellip;]<\/p>\n","protected":false},"featured_media":27158,"template":"","meta":{"_acf_changed":false},"product_brand":[],"product_cat":[799],"product_tag":[],"class_list":{"0":"post-27156","1":"product","2":"type-product","3":"status-publish","4":"has-post-thumbnail","6":"product_cat-v","7":"pa_packungsgroesse-25g","8":"pa_packungsgroesse-50g","10":"first","11":"instock","12":"shipping-taxable","13":"purchasable","14":"product-type-simple"},"acf":[],"_links":{"self":[{"href":"https:\/\/www.ernstbrunn-apotheke.at\/katalog\/wp-json\/wp\/v2\/product\/27156","targetHints":{"allow":["GET"]}}],"collection":[{"href":"https:\/\/www.ernstbrunn-apotheke.at\/katalog\/wp-json\/wp\/v2\/product"}],"about":[{"href":"https:\/\/www.ernstbrunn-apotheke.at\/katalog\/wp-json\/wp\/v2\/types\/product"}],"wp:featuredmedia":[{"embeddable":true,"href":"https:\/\/www.ernstbrunn-apotheke.at\/katalog\/wp-json\/wp\/v2\/media\/27158"}],"wp:attachment":[{"href":"https:\/\/www.ernstbrunn-apotheke.at\/katalog\/wp-json\/wp\/v2\/media?parent=27156"}],"wp:term":[{"taxonomy":"product_brand","embeddable":true,"href":"https:\/\/www.ernstbrunn-apotheke.at\/katalog\/wp-json\/wp\/v2\/product_brand?post=27156"},{"taxonomy":"product_cat","embeddable":true,"href":"https:\/\/www.ernstbrunn-apotheke.at\/katalog\/wp-json\/wp\/v2\/product_cat?post=27156"},{"taxonomy":"product_tag","embeddable":true,"href":"https:\/\/www.ernstbrunn-apotheke.at\/katalog\/wp-json\/wp\/v2\/product_tag?post=27156"}],"curies":[{"name":"wp","href":"https:\/\/api.w.org\/{rel}","templated":true}]}}