{"id":27117,"date":"2025-11-07T23:40:18","date_gmt":"2025-11-07T22:40:18","guid":{"rendered":"https:\/\/www.ernstbrunn-apotheke.at\/katalog\/produkt\/burgit-fuss-deo-3-fach-aktiv-gel-75-ml\/"},"modified":"2025-12-08T14:55:03","modified_gmt":"2025-12-08T13:55:03","slug":"burgit-fuss-deo-3-fach-aktiv-gel-75-ml","status":"publish","type":"product","link":"https:\/\/www.ernstbrunn-apotheke.at\/katalog\/produkt\/burgit-fuss-deo-3-fach-aktiv-gel-75-ml\/","title":{"rendered":"Burgit Fu\u00df-Deo 3-fach Aktiv-Gel 75 ml"},"content":{"rendered":"<p>Burgit Fu\u00df-Deo 3fach Aktiv-Gel ist ein Fu\u00df Deo mit Minze &#038; Salbei und bietet eine einzigartige 3er Wirk-Kombination aus Deo, Pflege und Frische.<\/p>\n","protected":false},"excerpt":{"rendered":"<p>Burgit Fu\u00df-Deo 3fach Aktiv-Gel ist ein Fu\u00df Deo mit Minze &#038; Salbei und bietet eine einzigartige 3er Wirk-Kombination aus Deo, Pflege und Frische.<\/p>\n","protected":false},"featured_media":27119,"template":"","meta":{"_acf_changed":false},"product_brand":[739],"product_cat":[802],"product_tag":[],"class_list":{"0":"post-27117","1":"product","2":"type-product","3":"status-publish","4":"has-post-thumbnail","6":"product_brand-burgit","7":"product_cat-b","8":"pa_packungsgroesse-75ml","10":"first","11":"instock","12":"shipping-taxable","13":"purchasable","14":"product-type-simple"},"acf":[],"_links":{"self":[{"href":"https:\/\/www.ernstbrunn-apotheke.at\/katalog\/wp-json\/wp\/v2\/product\/27117","targetHints":{"allow":["GET"]}}],"collection":[{"href":"https:\/\/www.ernstbrunn-apotheke.at\/katalog\/wp-json\/wp\/v2\/product"}],"about":[{"href":"https:\/\/www.ernstbrunn-apotheke.at\/katalog\/wp-json\/wp\/v2\/types\/product"}],"wp:featuredmedia":[{"embeddable":true,"href":"https:\/\/www.ernstbrunn-apotheke.at\/katalog\/wp-json\/wp\/v2\/media\/27119"}],"wp:attachment":[{"href":"https:\/\/www.ernstbrunn-apotheke.at\/katalog\/wp-json\/wp\/v2\/media?parent=27117"}],"wp:term":[{"taxonomy":"product_brand","embeddable":true,"href":"https:\/\/www.ernstbrunn-apotheke.at\/katalog\/wp-json\/wp\/v2\/product_brand?post=27117"},{"taxonomy":"product_cat","embeddable":true,"href":"https:\/\/www.ernstbrunn-apotheke.at\/katalog\/wp-json\/wp\/v2\/product_cat?post=27117"},{"taxonomy":"product_tag","embeddable":true,"href":"https:\/\/www.ernstbrunn-apotheke.at\/katalog\/wp-json\/wp\/v2\/product_tag?post=27117"}],"curies":[{"name":"wp","href":"https:\/\/api.w.org\/{rel}","templated":true}]}}