{"id":27037,"date":"2025-11-07T23:39:22","date_gmt":"2025-11-07T22:39:22","guid":{"rendered":"https:\/\/www.ernstbrunn-apotheke.at\/katalog\/produkt\/allpresan-fusspilz-nageltinktur-50-ml-nr-7\/"},"modified":"2025-12-08T14:54:31","modified_gmt":"2025-12-08T13:54:31","slug":"allpresan-fusspilz-nageltinktur-50-ml-nr-7","status":"publish","type":"product","link":"https:\/\/www.ernstbrunn-apotheke.at\/katalog\/produkt\/allpresan-fusspilz-nageltinktur-50-ml-nr-7\/","title":{"rendered":"Allpresan Fu\u00dfpilz Nageltinktur 50 ml Nr. 7"},"content":{"rendered":"<p>Allpresan Fu\u00dfpilz Nageltinktur st\u00e4rkt die N\u00e4gel, sch\u00fctzt vor mikrobiellen physiologischen Beeintr\u00e4chtigungen und l\u00e4sst sie so wieder gepflegt aussehen. Somit dient diese Tinktur ideal zur therapiebegleitenden Pflege bei Nagelpilz<\/p>\n","protected":false},"excerpt":{"rendered":"<p>Allpresan Fu\u00dfpilz Nageltinktur st\u00e4rkt die N\u00e4gel, sch\u00fctzt vor mikrobiellen physiologischen Beeintr\u00e4chtigungen und l\u00e4sst sie so wieder gepflegt aussehen. Somit dient diese Tinktur ideal zur therapiebegleitenden Pflege bei Nagelpilz<\/p>\n","protected":false},"featured_media":27039,"template":"","meta":{"_acf_changed":false},"product_brand":[],"product_cat":[801],"product_tag":[],"class_list":{"0":"post-27037","1":"product","2":"type-product","3":"status-publish","4":"has-post-thumbnail","6":"product_cat-a","7":"pa_packungsgroesse-50ml","9":"first","10":"instock","11":"shipping-taxable","12":"purchasable","13":"product-type-simple"},"acf":[],"_links":{"self":[{"href":"https:\/\/www.ernstbrunn-apotheke.at\/katalog\/wp-json\/wp\/v2\/product\/27037","targetHints":{"allow":["GET"]}}],"collection":[{"href":"https:\/\/www.ernstbrunn-apotheke.at\/katalog\/wp-json\/wp\/v2\/product"}],"about":[{"href":"https:\/\/www.ernstbrunn-apotheke.at\/katalog\/wp-json\/wp\/v2\/types\/product"}],"wp:featuredmedia":[{"embeddable":true,"href":"https:\/\/www.ernstbrunn-apotheke.at\/katalog\/wp-json\/wp\/v2\/media\/27039"}],"wp:attachment":[{"href":"https:\/\/www.ernstbrunn-apotheke.at\/katalog\/wp-json\/wp\/v2\/media?parent=27037"}],"wp:term":[{"taxonomy":"product_brand","embeddable":true,"href":"https:\/\/www.ernstbrunn-apotheke.at\/katalog\/wp-json\/wp\/v2\/product_brand?post=27037"},{"taxonomy":"product_cat","embeddable":true,"href":"https:\/\/www.ernstbrunn-apotheke.at\/katalog\/wp-json\/wp\/v2\/product_cat?post=27037"},{"taxonomy":"product_tag","embeddable":true,"href":"https:\/\/www.ernstbrunn-apotheke.at\/katalog\/wp-json\/wp\/v2\/product_tag?post=27037"}],"curies":[{"name":"wp","href":"https:\/\/api.w.org\/{rel}","templated":true}]}}