{"id":26977,"date":"2025-11-07T23:38:37","date_gmt":"2025-11-07T22:38:37","guid":{"rendered":"https:\/\/www.ernstbrunn-apotheke.at\/katalog\/produkt\/callusan-cremeschaum-vinum-125-ml\/"},"modified":"2025-12-08T14:54:05","modified_gmt":"2025-12-08T13:54:05","slug":"callusan-cremeschaum-vinum-125-ml","status":"publish","type":"product","link":"https:\/\/www.ernstbrunn-apotheke.at\/katalog\/produkt\/callusan-cremeschaum-vinum-125-ml\/","title":{"rendered":"Callusan Cremeschaum Vinum 125 ml"},"content":{"rendered":"<p>Callusan Cremeschaum Vinum erm\u00f6glicht die erfrischende Pflege bei schweren und m\u00fcden F\u00fc\u00dfen und Beinen mit wertvollen Extrakten aus rotem Weinlaub und Rosskastanie. Besonders angenehm, dank k\u00fchlendem Menthol. Feuchtigkeitspendend durch Glycerin und Urea.<\/p>\n","protected":false},"excerpt":{"rendered":"<p>Callusan Cremeschaum Vinum erm\u00f6glicht die erfrischende Pflege bei schweren und m\u00fcden F\u00fc\u00dfen und Beinen mit wertvollen Extrakten aus rotem Weinlaub und Rosskastanie. Besonders angenehm, dank k\u00fchlendem Menthol. Feuchtigkeitspendend durch Glycerin und Urea.<\/p>\n","protected":false},"featured_media":26979,"template":"","meta":{"_acf_changed":false},"product_brand":[],"product_cat":[812],"product_tag":[],"class_list":{"0":"post-26977","1":"product","2":"type-product","3":"status-publish","4":"has-post-thumbnail","6":"product_cat-c","7":"pa_packungsgroesse-125ml","9":"first","10":"instock","11":"shipping-taxable","12":"purchasable","13":"product-type-simple"},"acf":[],"_links":{"self":[{"href":"https:\/\/www.ernstbrunn-apotheke.at\/katalog\/wp-json\/wp\/v2\/product\/26977","targetHints":{"allow":["GET"]}}],"collection":[{"href":"https:\/\/www.ernstbrunn-apotheke.at\/katalog\/wp-json\/wp\/v2\/product"}],"about":[{"href":"https:\/\/www.ernstbrunn-apotheke.at\/katalog\/wp-json\/wp\/v2\/types\/product"}],"wp:featuredmedia":[{"embeddable":true,"href":"https:\/\/www.ernstbrunn-apotheke.at\/katalog\/wp-json\/wp\/v2\/media\/26979"}],"wp:attachment":[{"href":"https:\/\/www.ernstbrunn-apotheke.at\/katalog\/wp-json\/wp\/v2\/media?parent=26977"}],"wp:term":[{"taxonomy":"product_brand","embeddable":true,"href":"https:\/\/www.ernstbrunn-apotheke.at\/katalog\/wp-json\/wp\/v2\/product_brand?post=26977"},{"taxonomy":"product_cat","embeddable":true,"href":"https:\/\/www.ernstbrunn-apotheke.at\/katalog\/wp-json\/wp\/v2\/product_cat?post=26977"},{"taxonomy":"product_tag","embeddable":true,"href":"https:\/\/www.ernstbrunn-apotheke.at\/katalog\/wp-json\/wp\/v2\/product_tag?post=26977"}],"curies":[{"name":"wp","href":"https:\/\/api.w.org\/{rel}","templated":true}]}}