{"id":26969,"date":"2025-11-07T23:38:37","date_gmt":"2025-11-07T22:38:37","guid":{"rendered":"https:\/\/www.ernstbrunn-apotheke.at\/katalog\/produkt\/allgaeuer-latschenkiefer-aktiv-balsam-50-ml\/"},"modified":"2025-12-08T14:54:04","modified_gmt":"2025-12-08T13:54:04","slug":"allgaeuer-latschenkiefer-aktiv-balsam-50-ml","status":"publish","type":"product","link":"https:\/\/www.ernstbrunn-apotheke.at\/katalog\/produkt\/allgaeuer-latschenkiefer-aktiv-balsam-50-ml\/","title":{"rendered":"Allg\u00e4uer Latschenkiefer Aktiv Balsam 50 ml"},"content":{"rendered":"<p>Allg\u00e4uer Latschenkiefer Aktiv-Balsam ist ein Spezialkosmetikum zur Reduktion der Schwei\u00df- und Geruchsbildung an den F\u00fc\u00dfen. Es enth\u00e4lt neben dem Original Allg\u00e4uer Latschenkiefern\u00f6l u. a. Aluminiumchlorohydrat und Panthenol. Reguliert die Transpiration und pflegt die Haut. F\u00fchrt bei regelm\u00e4\u00dfiger Anwendung zu einer Verringerung des Fu\u00dfschwei\u00dfes und damit zu trockeneren und geruchsfreieren F\u00fc\u00dfen<\/p>\n","protected":false},"excerpt":{"rendered":"<p>Allg\u00e4uer Latschenkiefer Aktiv-Balsam ist ein Spezialkosmetikum zur Reduktion der Schwei\u00df- und Geruchsbildung an den F\u00fc\u00dfen. Es enth\u00e4lt neben dem Original Allg\u00e4uer Latschenkiefern\u00f6l u. a. Aluminiumchlorohydrat und Panthenol. Reguliert die Transpiration und pflegt die Haut. F\u00fchrt bei regelm\u00e4\u00dfiger Anwendung zu einer Verringerung des Fu\u00dfschwei\u00dfes und damit zu trockeneren und geruchsfreieren F\u00fc\u00dfen<\/p>\n","protected":false},"featured_media":26971,"template":"","meta":{"_acf_changed":false},"product_brand":[744],"product_cat":[801],"product_tag":[],"class_list":{"0":"post-26969","1":"product","2":"type-product","3":"status-publish","4":"has-post-thumbnail","6":"product_brand-allgaeuer-latschenkiefer","7":"product_cat-a","8":"pa_packungsgroesse-50ml","10":"first","11":"instock","12":"shipping-taxable","13":"purchasable","14":"product-type-simple"},"acf":[],"_links":{"self":[{"href":"https:\/\/www.ernstbrunn-apotheke.at\/katalog\/wp-json\/wp\/v2\/product\/26969","targetHints":{"allow":["GET"]}}],"collection":[{"href":"https:\/\/www.ernstbrunn-apotheke.at\/katalog\/wp-json\/wp\/v2\/product"}],"about":[{"href":"https:\/\/www.ernstbrunn-apotheke.at\/katalog\/wp-json\/wp\/v2\/types\/product"}],"wp:featuredmedia":[{"embeddable":true,"href":"https:\/\/www.ernstbrunn-apotheke.at\/katalog\/wp-json\/wp\/v2\/media\/26971"}],"wp:attachment":[{"href":"https:\/\/www.ernstbrunn-apotheke.at\/katalog\/wp-json\/wp\/v2\/media?parent=26969"}],"wp:term":[{"taxonomy":"product_brand","embeddable":true,"href":"https:\/\/www.ernstbrunn-apotheke.at\/katalog\/wp-json\/wp\/v2\/product_brand?post=26969"},{"taxonomy":"product_cat","embeddable":true,"href":"https:\/\/www.ernstbrunn-apotheke.at\/katalog\/wp-json\/wp\/v2\/product_cat?post=26969"},{"taxonomy":"product_tag","embeddable":true,"href":"https:\/\/www.ernstbrunn-apotheke.at\/katalog\/wp-json\/wp\/v2\/product_tag?post=26969"}],"curies":[{"name":"wp","href":"https:\/\/api.w.org\/{rel}","templated":true}]}}