{"id":26901,"date":"2025-11-07T23:37:21","date_gmt":"2025-11-07T22:37:21","guid":{"rendered":"https:\/\/www.ernstbrunn-apotheke.at\/katalog\/produkt\/allgaeuer-latschenkiefer-einreibung-extra-stark-wohlig-warm-250-ml\/"},"modified":"2025-12-08T14:53:40","modified_gmt":"2025-12-08T13:53:40","slug":"allgaeuer-latschenkiefer-einreibung-extra-stark-wohlig-warm-250-ml","status":"publish","type":"product","link":"https:\/\/www.ernstbrunn-apotheke.at\/katalog\/produkt\/allgaeuer-latschenkiefer-einreibung-extra-stark-wohlig-warm-250-ml\/","title":{"rendered":"Allg\u00e4uer Latschenkiefer Einreibung Extra Stark Wohlig &#038; warm 250 ml"},"content":{"rendered":"<p>Allg\u00e4uer Latschenkiefer Einreibung Extra Stark \u00fcberzeugt durch wohltuende W\u00e4rme bei der Einreibung. Der w\u00e4rmende Effekt des Kosmetikums wird unterst\u00fctzt durch die nat\u00fcrliche Kombination aus Original Allg\u00e4uer Latschenkiefern\u00f6l, Salbei- und Rosmarin\u00f6l. Beinwell- und Arnikaextrakt, sowie Allantoin und Panthenol pflegen die Haut<\/p>\n","protected":false},"excerpt":{"rendered":"<p>Allg\u00e4uer Latschenkiefer Einreibung Extra Stark \u00fcberzeugt durch wohltuende W\u00e4rme bei der Einreibung. Der w\u00e4rmende Effekt des Kosmetikums wird unterst\u00fctzt durch die nat\u00fcrliche Kombination aus Original Allg\u00e4uer Latschenkiefern\u00f6l, Salbei- und Rosmarin\u00f6l. Beinwell- und Arnikaextrakt, sowie Allantoin und Panthenol pflegen die Haut<\/p>\n","protected":false},"featured_media":26903,"template":"","meta":{"_acf_changed":false},"product_brand":[744],"product_cat":[801],"product_tag":[],"class_list":{"0":"post-26901","1":"product","2":"type-product","3":"status-publish","4":"has-post-thumbnail","6":"product_brand-allgaeuer-latschenkiefer","7":"product_cat-a","8":"pa_packungsgroesse-250ml","10":"first","11":"instock","12":"shipping-taxable","13":"purchasable","14":"product-type-simple"},"acf":[],"_links":{"self":[{"href":"https:\/\/www.ernstbrunn-apotheke.at\/katalog\/wp-json\/wp\/v2\/product\/26901","targetHints":{"allow":["GET"]}}],"collection":[{"href":"https:\/\/www.ernstbrunn-apotheke.at\/katalog\/wp-json\/wp\/v2\/product"}],"about":[{"href":"https:\/\/www.ernstbrunn-apotheke.at\/katalog\/wp-json\/wp\/v2\/types\/product"}],"wp:featuredmedia":[{"embeddable":true,"href":"https:\/\/www.ernstbrunn-apotheke.at\/katalog\/wp-json\/wp\/v2\/media\/26903"}],"wp:attachment":[{"href":"https:\/\/www.ernstbrunn-apotheke.at\/katalog\/wp-json\/wp\/v2\/media?parent=26901"}],"wp:term":[{"taxonomy":"product_brand","embeddable":true,"href":"https:\/\/www.ernstbrunn-apotheke.at\/katalog\/wp-json\/wp\/v2\/product_brand?post=26901"},{"taxonomy":"product_cat","embeddable":true,"href":"https:\/\/www.ernstbrunn-apotheke.at\/katalog\/wp-json\/wp\/v2\/product_cat?post=26901"},{"taxonomy":"product_tag","embeddable":true,"href":"https:\/\/www.ernstbrunn-apotheke.at\/katalog\/wp-json\/wp\/v2\/product_tag?post=26901"}],"curies":[{"name":"wp","href":"https:\/\/api.w.org\/{rel}","templated":true}]}}