{"id":26898,"date":"2025-11-07T23:37:21","date_gmt":"2025-11-07T22:37:21","guid":{"rendered":"https:\/\/www.ernstbrunn-apotheke.at\/katalog\/produkt\/burgit-hornhaut-creme-75-ml\/"},"modified":"2025-12-08T14:53:38","modified_gmt":"2025-12-08T13:53:38","slug":"burgit-hornhaut-creme-75-ml","status":"publish","type":"product","link":"https:\/\/www.ernstbrunn-apotheke.at\/katalog\/produkt\/burgit-hornhaut-creme-75-ml\/","title":{"rendered":"Burgit Hornhaut Creme 75 ml"},"content":{"rendered":"<p>Burgit Hornhaut Creme gl\u00e4ttet raue und verhornte Haut und macht die F\u00fc\u00dfe geschmeidig weich. Verhornte Haut wird entfernt und die Neubildung der Hornhaut wird gehemmt. Allantoin und Provitamin B gl\u00e4tten raue Haut und pflegen intensiv. Wirkt sofort und langanhaltend  alle Produkte von Burgit mit hohem Rabatt bestellen!<\/p>\n","protected":false},"excerpt":{"rendered":"<p>Burgit Hornhaut Creme gl\u00e4ttet raue und verhornte Haut und macht die F\u00fc\u00dfe geschmeidig weich. Verhornte Haut wird entfernt und die Neubildung der Hornhaut wird gehemmt. Allantoin und Provitamin B gl\u00e4tten raue Haut und pflegen intensiv. Wirkt sofort und langanhaltend alle Produkte von Burgit mit hohem Rabatt bestellen!<\/p>\n","protected":false},"featured_media":26900,"template":"","meta":{"_acf_changed":false},"product_brand":[739],"product_cat":[802],"product_tag":[],"class_list":{"0":"post-26898","1":"product","2":"type-product","3":"status-publish","4":"has-post-thumbnail","6":"product_brand-burgit","7":"product_cat-b","8":"pa_packungsgroesse-75ml","10":"first","11":"instock","12":"shipping-taxable","13":"purchasable","14":"product-type-simple"},"acf":[],"_links":{"self":[{"href":"https:\/\/www.ernstbrunn-apotheke.at\/katalog\/wp-json\/wp\/v2\/product\/26898","targetHints":{"allow":["GET"]}}],"collection":[{"href":"https:\/\/www.ernstbrunn-apotheke.at\/katalog\/wp-json\/wp\/v2\/product"}],"about":[{"href":"https:\/\/www.ernstbrunn-apotheke.at\/katalog\/wp-json\/wp\/v2\/types\/product"}],"wp:featuredmedia":[{"embeddable":true,"href":"https:\/\/www.ernstbrunn-apotheke.at\/katalog\/wp-json\/wp\/v2\/media\/26900"}],"wp:attachment":[{"href":"https:\/\/www.ernstbrunn-apotheke.at\/katalog\/wp-json\/wp\/v2\/media?parent=26898"}],"wp:term":[{"taxonomy":"product_brand","embeddable":true,"href":"https:\/\/www.ernstbrunn-apotheke.at\/katalog\/wp-json\/wp\/v2\/product_brand?post=26898"},{"taxonomy":"product_cat","embeddable":true,"href":"https:\/\/www.ernstbrunn-apotheke.at\/katalog\/wp-json\/wp\/v2\/product_cat?post=26898"},{"taxonomy":"product_tag","embeddable":true,"href":"https:\/\/www.ernstbrunn-apotheke.at\/katalog\/wp-json\/wp\/v2\/product_tag?post=26898"}],"curies":[{"name":"wp","href":"https:\/\/api.w.org\/{rel}","templated":true}]}}