{"id":26862,"date":"2025-11-07T23:36:31","date_gmt":"2025-11-07T22:36:31","guid":{"rendered":"https:\/\/www.ernstbrunn-apotheke.at\/katalog\/produkt\/apothekers-fussfrische-balsam-150-ml\/"},"modified":"2025-12-08T14:53:29","modified_gmt":"2025-12-08T13:53:29","slug":"apothekers-fussfrische-balsam-150-ml","status":"publish","type":"product","link":"https:\/\/www.ernstbrunn-apotheke.at\/katalog\/produkt\/apothekers-fussfrische-balsam-150-ml\/","title":{"rendered":"Apothekers Fu\u00dffrische-Balsam 150 ml"},"content":{"rendered":"<p>Apothekers Fu\u00dffrische-Balsam bietet eine erfrischende Pflege bei trockener, horniger Haut und Schrunden. Dieser Balsam f\u00f6rdert zudem die Durchblutung des Fu\u00dfes und ist auch f\u00fcr Diabethiker ideal geeignet.<\/p>\n","protected":false},"excerpt":{"rendered":"<p>Apothekers Fu\u00dffrische-Balsam bietet eine erfrischende Pflege bei trockener, horniger Haut und Schrunden. Dieser Balsam f\u00f6rdert zudem die Durchblutung des Fu\u00dfes und ist auch f\u00fcr Diabethiker ideal geeignet.<\/p>\n","protected":false},"featured_media":26864,"template":"","meta":{"_acf_changed":false},"product_brand":[],"product_cat":[801],"product_tag":[],"class_list":{"0":"post-26862","1":"product","2":"type-product","3":"status-publish","4":"has-post-thumbnail","6":"product_cat-a","7":"pa_packungsgroesse-150ml","9":"first","10":"instock","11":"shipping-taxable","12":"purchasable","13":"product-type-simple"},"acf":[],"_links":{"self":[{"href":"https:\/\/www.ernstbrunn-apotheke.at\/katalog\/wp-json\/wp\/v2\/product\/26862","targetHints":{"allow":["GET"]}}],"collection":[{"href":"https:\/\/www.ernstbrunn-apotheke.at\/katalog\/wp-json\/wp\/v2\/product"}],"about":[{"href":"https:\/\/www.ernstbrunn-apotheke.at\/katalog\/wp-json\/wp\/v2\/types\/product"}],"wp:featuredmedia":[{"embeddable":true,"href":"https:\/\/www.ernstbrunn-apotheke.at\/katalog\/wp-json\/wp\/v2\/media\/26864"}],"wp:attachment":[{"href":"https:\/\/www.ernstbrunn-apotheke.at\/katalog\/wp-json\/wp\/v2\/media?parent=26862"}],"wp:term":[{"taxonomy":"product_brand","embeddable":true,"href":"https:\/\/www.ernstbrunn-apotheke.at\/katalog\/wp-json\/wp\/v2\/product_brand?post=26862"},{"taxonomy":"product_cat","embeddable":true,"href":"https:\/\/www.ernstbrunn-apotheke.at\/katalog\/wp-json\/wp\/v2\/product_cat?post=26862"},{"taxonomy":"product_tag","embeddable":true,"href":"https:\/\/www.ernstbrunn-apotheke.at\/katalog\/wp-json\/wp\/v2\/product_tag?post=26862"}],"curies":[{"name":"wp","href":"https:\/\/api.w.org\/{rel}","templated":true}]}}