{"id":26832,"date":"2025-11-07T23:36:01","date_gmt":"2025-11-07T22:36:01","guid":{"rendered":"https:\/\/www.ernstbrunn-apotheke.at\/katalog\/produkt\/casida-nageloel-repair-protect-pflanzliche-hilfe-bei-nagelpilz\/"},"modified":"2025-12-08T14:53:19","modified_gmt":"2025-12-08T13:53:19","slug":"casida-nageloel-repair-protect-pflanzliche-hilfe-bei-nagelpilz","status":"publish","type":"product","link":"https:\/\/www.ernstbrunn-apotheke.at\/katalog\/produkt\/casida-nageloel-repair-protect-pflanzliche-hilfe-bei-nagelpilz\/","title":{"rendered":"Casida NAGEL\u00d6L Repair &#038; Protect pflanzliche Hilfe bei Nagelpilz"},"content":{"rendered":"<p>Casida Nagel\u00f6l Repair &#038; Protect ist ein pflanzliches Nagel\u00f6l f\u00fcr sch\u00f6ne N\u00e4gel und dient als wirksame Pflege und Hygiene bei Nagelpilz (Fu\u00df- und Fingern\u00e4gel).<\/p>\n","protected":false},"excerpt":{"rendered":"<p>Casida Nagel\u00f6l Repair &#038; Protect ist ein pflanzliches Nagel\u00f6l f\u00fcr sch\u00f6ne N\u00e4gel und dient als wirksame Pflege und Hygiene bei Nagelpilz (Fu\u00df- und Fingern\u00e4gel).<\/p>\n","protected":false},"featured_media":26834,"template":"","meta":{"_acf_changed":false},"product_brand":[],"product_cat":[812],"product_tag":[],"class_list":{"0":"post-26832","1":"product","2":"type-product","3":"status-publish","4":"has-post-thumbnail","6":"product_cat-c","7":"pa_packungsgroesse-10ml","9":"first","10":"instock","11":"shipping-taxable","12":"purchasable","13":"product-type-simple"},"acf":[],"_links":{"self":[{"href":"https:\/\/www.ernstbrunn-apotheke.at\/katalog\/wp-json\/wp\/v2\/product\/26832","targetHints":{"allow":["GET"]}}],"collection":[{"href":"https:\/\/www.ernstbrunn-apotheke.at\/katalog\/wp-json\/wp\/v2\/product"}],"about":[{"href":"https:\/\/www.ernstbrunn-apotheke.at\/katalog\/wp-json\/wp\/v2\/types\/product"}],"wp:featuredmedia":[{"embeddable":true,"href":"https:\/\/www.ernstbrunn-apotheke.at\/katalog\/wp-json\/wp\/v2\/media\/26834"}],"wp:attachment":[{"href":"https:\/\/www.ernstbrunn-apotheke.at\/katalog\/wp-json\/wp\/v2\/media?parent=26832"}],"wp:term":[{"taxonomy":"product_brand","embeddable":true,"href":"https:\/\/www.ernstbrunn-apotheke.at\/katalog\/wp-json\/wp\/v2\/product_brand?post=26832"},{"taxonomy":"product_cat","embeddable":true,"href":"https:\/\/www.ernstbrunn-apotheke.at\/katalog\/wp-json\/wp\/v2\/product_cat?post=26832"},{"taxonomy":"product_tag","embeddable":true,"href":"https:\/\/www.ernstbrunn-apotheke.at\/katalog\/wp-json\/wp\/v2\/product_tag?post=26832"}],"curies":[{"name":"wp","href":"https:\/\/api.w.org\/{rel}","templated":true}]}}