{"id":26817,"date":"2025-11-07T23:36:01","date_gmt":"2025-11-07T22:36:01","guid":{"rendered":"https:\/\/www.ernstbrunn-apotheke.at\/katalog\/produkt\/allgaeuer-latschenkiefer-mobil-gel-250-ml\/"},"modified":"2025-12-08T14:53:14","modified_gmt":"2025-12-08T13:53:14","slug":"allgaeuer-latschenkiefer-mobil-gel-250-ml","status":"publish","type":"product","link":"https:\/\/www.ernstbrunn-apotheke.at\/katalog\/produkt\/allgaeuer-latschenkiefer-mobil-gel-250-ml\/","title":{"rendered":"Allg\u00e4uer Latschenkiefer Mobil Gel 250 ml"},"content":{"rendered":"<p>Allg\u00e4uer Latschenkiefer Mobil Gel st ein Spezialkosmetikum mit dem Original Allg\u00e4uer Latschenkiefern\u00f6l, wertvollem Beinwell- und Arnikaextrakt zur Einreibung und Massage. Das nat\u00fcrliche Pflege-Gel enth\u00e4lt zus\u00e4tzlich eine Kombination aus Allantoin, Panthenol, Jojoba-, Salbei- und Rosmarin\u00f6l. Durch die Einreibung und Massage werden beanspruchte Muskeln entspannt.<\/p>\n","protected":false},"excerpt":{"rendered":"<p>Allg\u00e4uer Latschenkiefer Mobil Gel st ein Spezialkosmetikum mit dem Original Allg\u00e4uer Latschenkiefern\u00f6l, wertvollem Beinwell- und Arnikaextrakt zur Einreibung und Massage. Das nat\u00fcrliche Pflege-Gel enth\u00e4lt zus\u00e4tzlich eine Kombination aus Allantoin, Panthenol, Jojoba-, Salbei- und Rosmarin\u00f6l. Durch die Einreibung und Massage werden beanspruchte Muskeln entspannt.<\/p>\n","protected":false},"featured_media":26819,"template":"","meta":{"_acf_changed":false},"product_brand":[744],"product_cat":[801],"product_tag":[],"class_list":{"0":"post-26817","1":"product","2":"type-product","3":"status-publish","4":"has-post-thumbnail","6":"product_brand-allgaeuer-latschenkiefer","7":"product_cat-a","8":"pa_packungsgroesse-250ml","10":"first","11":"instock","12":"shipping-taxable","13":"purchasable","14":"product-type-simple"},"acf":[],"_links":{"self":[{"href":"https:\/\/www.ernstbrunn-apotheke.at\/katalog\/wp-json\/wp\/v2\/product\/26817","targetHints":{"allow":["GET"]}}],"collection":[{"href":"https:\/\/www.ernstbrunn-apotheke.at\/katalog\/wp-json\/wp\/v2\/product"}],"about":[{"href":"https:\/\/www.ernstbrunn-apotheke.at\/katalog\/wp-json\/wp\/v2\/types\/product"}],"wp:featuredmedia":[{"embeddable":true,"href":"https:\/\/www.ernstbrunn-apotheke.at\/katalog\/wp-json\/wp\/v2\/media\/26819"}],"wp:attachment":[{"href":"https:\/\/www.ernstbrunn-apotheke.at\/katalog\/wp-json\/wp\/v2\/media?parent=26817"}],"wp:term":[{"taxonomy":"product_brand","embeddable":true,"href":"https:\/\/www.ernstbrunn-apotheke.at\/katalog\/wp-json\/wp\/v2\/product_brand?post=26817"},{"taxonomy":"product_cat","embeddable":true,"href":"https:\/\/www.ernstbrunn-apotheke.at\/katalog\/wp-json\/wp\/v2\/product_cat?post=26817"},{"taxonomy":"product_tag","embeddable":true,"href":"https:\/\/www.ernstbrunn-apotheke.at\/katalog\/wp-json\/wp\/v2\/product_tag?post=26817"}],"curies":[{"name":"wp","href":"https:\/\/api.w.org\/{rel}","templated":true}]}}