{"id":26812,"date":"2025-11-07T23:36:01","date_gmt":"2025-11-07T22:36:01","guid":{"rendered":"https:\/\/www.ernstbrunn-apotheke.at\/katalog\/produkt\/podosyn-waerme-fusscreme-75-ml\/"},"modified":"2025-12-08T14:53:11","modified_gmt":"2025-12-08T13:53:11","slug":"podosyn-waerme-fusscreme-75-ml","status":"publish","type":"product","link":"https:\/\/www.ernstbrunn-apotheke.at\/katalog\/produkt\/podosyn-waerme-fusscreme-75-ml\/","title":{"rendered":"Podosyn W\u00e4rme-Fu\u00dfcreme 75 ml"},"content":{"rendered":"<p>Podosyn W\u00e4rme-Fu\u00dfcreme w\u00e4rmt, entspannt und pflegt kalte F\u00fc\u00dfe. Die Creme bewirkt bereits nach wenigen Minuten ein angenehmes, langanhaltendes W\u00e4rmegef\u00fchl. Dar\u00fcber hinaus sorgt sie f\u00fcr weiche und geschmeidige F\u00fc\u00dfe. Klebt nicht und zieht schnell ein.<\/p>\n","protected":false},"excerpt":{"rendered":"<p>Podosyn W\u00e4rme-Fu\u00dfcreme w\u00e4rmt, entspannt und pflegt kalte F\u00fc\u00dfe. Die Creme bewirkt bereits nach wenigen Minuten ein angenehmes, langanhaltendes W\u00e4rmegef\u00fchl. Dar\u00fcber hinaus sorgt sie f\u00fcr weiche und geschmeidige F\u00fc\u00dfe. Klebt nicht und zieht schnell ein.<\/p>\n","protected":false},"featured_media":26814,"template":"","meta":{"_acf_changed":false},"product_brand":[],"product_cat":[793],"product_tag":[],"class_list":{"0":"post-26812","1":"product","2":"type-product","3":"status-publish","4":"has-post-thumbnail","6":"product_cat-p","7":"pa_packungsgroesse-75ml","9":"first","10":"instock","11":"shipping-taxable","12":"purchasable","13":"product-type-simple"},"acf":[],"_links":{"self":[{"href":"https:\/\/www.ernstbrunn-apotheke.at\/katalog\/wp-json\/wp\/v2\/product\/26812","targetHints":{"allow":["GET"]}}],"collection":[{"href":"https:\/\/www.ernstbrunn-apotheke.at\/katalog\/wp-json\/wp\/v2\/product"}],"about":[{"href":"https:\/\/www.ernstbrunn-apotheke.at\/katalog\/wp-json\/wp\/v2\/types\/product"}],"wp:featuredmedia":[{"embeddable":true,"href":"https:\/\/www.ernstbrunn-apotheke.at\/katalog\/wp-json\/wp\/v2\/media\/26814"}],"wp:attachment":[{"href":"https:\/\/www.ernstbrunn-apotheke.at\/katalog\/wp-json\/wp\/v2\/media?parent=26812"}],"wp:term":[{"taxonomy":"product_brand","embeddable":true,"href":"https:\/\/www.ernstbrunn-apotheke.at\/katalog\/wp-json\/wp\/v2\/product_brand?post=26812"},{"taxonomy":"product_cat","embeddable":true,"href":"https:\/\/www.ernstbrunn-apotheke.at\/katalog\/wp-json\/wp\/v2\/product_cat?post=26812"},{"taxonomy":"product_tag","embeddable":true,"href":"https:\/\/www.ernstbrunn-apotheke.at\/katalog\/wp-json\/wp\/v2\/product_tag?post=26812"}],"curies":[{"name":"wp","href":"https:\/\/api.w.org\/{rel}","templated":true}]}}