{"id":26798,"date":"2025-11-07T23:36:01","date_gmt":"2025-11-07T22:36:01","guid":{"rendered":"https:\/\/www.ernstbrunn-apotheke.at\/katalog\/produkt\/allgaeuer-latschenkiefer-einreibung-extra-stark-250-ml\/"},"modified":"2025-12-08T14:53:07","modified_gmt":"2025-12-08T13:53:07","slug":"allgaeuer-latschenkiefer-einreibung-extra-stark-250-ml","status":"publish","type":"product","link":"https:\/\/www.ernstbrunn-apotheke.at\/katalog\/produkt\/allgaeuer-latschenkiefer-einreibung-extra-stark-250-ml\/","title":{"rendered":"Allg\u00e4uer Latschenkiefer Einreibung Extra Stark 250 ml"},"content":{"rendered":"<p>Allg\u00e4uer Latschenkiefer Einreibung Extra Stark  pflegt und entspannt mit dem Original Allg\u00e4uer Latschenkiefern\u00f6l und dem Plus an weiteren, nat\u00fcrlichen Inhaltsstoffen. Eine Kombination aus Beinwellextrakt, Allantoin und Panthenol pflegt und beruhigt die Haut. Weitere nat\u00fcrliche \u00d6le wie Salbei- und Rosmarin\u00f6l unterst\u00fctzen den angenehmen Effekt des Kosmetikums.<\/p>\n","protected":false},"excerpt":{"rendered":"<p>Allg\u00e4uer Latschenkiefer Einreibung Extra Stark pflegt und entspannt mit dem Original Allg\u00e4uer Latschenkiefern\u00f6l und dem Plus an weiteren, nat\u00fcrlichen Inhaltsstoffen. Eine Kombination aus Beinwellextrakt, Allantoin und Panthenol pflegt und beruhigt die Haut. Weitere nat\u00fcrliche \u00d6le wie Salbei- und Rosmarin\u00f6l unterst\u00fctzen den angenehmen Effekt des Kosmetikums.<\/p>\n","protected":false},"featured_media":26800,"template":"","meta":{"_acf_changed":false},"product_brand":[744],"product_cat":[801],"product_tag":[],"class_list":{"0":"post-26798","1":"product","2":"type-product","3":"status-publish","4":"has-post-thumbnail","6":"product_brand-allgaeuer-latschenkiefer","7":"product_cat-a","8":"pa_packungsgroesse-250ml","10":"first","11":"instock","12":"shipping-taxable","13":"purchasable","14":"product-type-simple"},"acf":[],"_links":{"self":[{"href":"https:\/\/www.ernstbrunn-apotheke.at\/katalog\/wp-json\/wp\/v2\/product\/26798","targetHints":{"allow":["GET"]}}],"collection":[{"href":"https:\/\/www.ernstbrunn-apotheke.at\/katalog\/wp-json\/wp\/v2\/product"}],"about":[{"href":"https:\/\/www.ernstbrunn-apotheke.at\/katalog\/wp-json\/wp\/v2\/types\/product"}],"wp:featuredmedia":[{"embeddable":true,"href":"https:\/\/www.ernstbrunn-apotheke.at\/katalog\/wp-json\/wp\/v2\/media\/26800"}],"wp:attachment":[{"href":"https:\/\/www.ernstbrunn-apotheke.at\/katalog\/wp-json\/wp\/v2\/media?parent=26798"}],"wp:term":[{"taxonomy":"product_brand","embeddable":true,"href":"https:\/\/www.ernstbrunn-apotheke.at\/katalog\/wp-json\/wp\/v2\/product_brand?post=26798"},{"taxonomy":"product_cat","embeddable":true,"href":"https:\/\/www.ernstbrunn-apotheke.at\/katalog\/wp-json\/wp\/v2\/product_cat?post=26798"},{"taxonomy":"product_tag","embeddable":true,"href":"https:\/\/www.ernstbrunn-apotheke.at\/katalog\/wp-json\/wp\/v2\/product_tag?post=26798"}],"curies":[{"name":"wp","href":"https:\/\/api.w.org\/{rel}","templated":true}]}}