{"id":26785,"date":"2025-11-07T23:35:22","date_gmt":"2025-11-07T22:35:22","guid":{"rendered":"https:\/\/www.ernstbrunn-apotheke.at\/katalog\/produkt\/gehwol-nagelpflaster\/"},"modified":"2025-12-08T14:53:02","modified_gmt":"2025-12-08T13:53:02","slug":"gehwol-nagelpflaster","status":"publish","type":"product","link":"https:\/\/www.ernstbrunn-apotheke.at\/katalog\/produkt\/gehwol-nagelpflaster\/","title":{"rendered":"Gehwol Nagelpflaster"},"content":{"rendered":"<p>Verwenden Sie Gehwol Nagelpflege bei br\u00fcchigen Fu\u00df- und Fingern\u00e4geln und zur Unterst\u00fctzung der pr\u00e4parativen Behandlung von Nagelmykosen. F\u00f6rdert das Nagelwachstum.<\/p>\n","protected":false},"excerpt":{"rendered":"<p>Verwenden Sie Gehwol Nagelpflege bei br\u00fcchigen Fu\u00df- und Fingern\u00e4geln und zur Unterst\u00fctzung der pr\u00e4parativen Behandlung von Nagelmykosen. F\u00f6rdert das Nagelwachstum.<\/p>\n","protected":false},"featured_media":26787,"template":"","meta":{"_acf_changed":false},"product_brand":[320],"product_cat":[810],"product_tag":[],"class_list":{"0":"post-26785","1":"product","2":"type-product","3":"status-publish","4":"has-post-thumbnail","6":"product_brand-gehwol","7":"product_cat-g","8":"pa_packungsgroesse-15ml","10":"first","11":"instock","12":"shipping-taxable","13":"purchasable","14":"product-type-simple"},"acf":[],"_links":{"self":[{"href":"https:\/\/www.ernstbrunn-apotheke.at\/katalog\/wp-json\/wp\/v2\/product\/26785","targetHints":{"allow":["GET"]}}],"collection":[{"href":"https:\/\/www.ernstbrunn-apotheke.at\/katalog\/wp-json\/wp\/v2\/product"}],"about":[{"href":"https:\/\/www.ernstbrunn-apotheke.at\/katalog\/wp-json\/wp\/v2\/types\/product"}],"wp:featuredmedia":[{"embeddable":true,"href":"https:\/\/www.ernstbrunn-apotheke.at\/katalog\/wp-json\/wp\/v2\/media\/26787"}],"wp:attachment":[{"href":"https:\/\/www.ernstbrunn-apotheke.at\/katalog\/wp-json\/wp\/v2\/media?parent=26785"}],"wp:term":[{"taxonomy":"product_brand","embeddable":true,"href":"https:\/\/www.ernstbrunn-apotheke.at\/katalog\/wp-json\/wp\/v2\/product_brand?post=26785"},{"taxonomy":"product_cat","embeddable":true,"href":"https:\/\/www.ernstbrunn-apotheke.at\/katalog\/wp-json\/wp\/v2\/product_cat?post=26785"},{"taxonomy":"product_tag","embeddable":true,"href":"https:\/\/www.ernstbrunn-apotheke.at\/katalog\/wp-json\/wp\/v2\/product_tag?post=26785"}],"curies":[{"name":"wp","href":"https:\/\/api.w.org\/{rel}","templated":true}]}}