{"id":26738,"date":"2025-11-07T23:34:56","date_gmt":"2025-11-07T22:34:56","guid":{"rendered":"https:\/\/www.ernstbrunn-apotheke.at\/katalog\/produkt\/gehwol-med-nagelhautschutz-stift\/"},"modified":"2025-12-08T14:52:46","modified_gmt":"2025-12-08T13:52:46","slug":"gehwol-med-nagelhautschutz-stift","status":"publish","type":"product","link":"https:\/\/www.ernstbrunn-apotheke.at\/katalog\/produkt\/gehwol-med-nagelhautschutz-stift\/","title":{"rendered":"Gehwol Med. Nagelhautschutz Stift"},"content":{"rendered":"<p>Gehwol und Gerlach Technik der Eduard Gerlach GmbH stehen f\u00fcr das erkl\u00e4rte \u00e4Ja\u201c zur Qualit\u00e4t, f\u00fcr Innovation und Erfahrung, f\u00fcr Fortschritt und Partnerschaft. Diese traditionell enge Bindung zum Fachhandel ist dabei \u00e4u\u00dferst hilfreich, die entstandenen und entstehenden Synergien aus Technik und Pr\u00e4parate-Entwicklung zu nutzen. Diese enge Bindung besteht seit 1966, als der Unternehmensbereich Gerlach Technik ins Leben gerufen wurde und kommt seitdem Partnern in der Fu\u00dfpflege zugute \u2013 und nat\u00fcrlich deren Kunden. Mit den gleichen Tugenden, die das Unternehmen gro\u00df gemacht haben, wird es auch in Zukunft weiter gef\u00fchrt. Vertrauen und Offenheit, aber auch Stolz auf das Erreichte und nat\u00fcrlich der Spa\u00df an der Innovation. Genau wie seit \u00fcber 140 Jahren \u2013 jetzt alle Produkte mit hohem Rabatt bestellen!<\/p>\n","protected":false},"excerpt":{"rendered":"<p>Gehwol und Gerlach Technik der Eduard Gerlach GmbH stehen f\u00fcr das erkl\u00e4rte \u00e4Ja\u201c zur Qualit\u00e4t, f\u00fcr Innovation und Erfahrung, f\u00fcr Fortschritt und Partnerschaft. Diese traditionell enge Bindung zum Fachhandel ist dabei \u00e4u\u00dferst hilfreich, die entstandenen und entstehenden Synergien aus Technik und Pr\u00e4parate-Entwicklung zu nutzen. Diese enge Bindung besteht seit 1966, als der Unternehmensbereich Gerlach Technik [&hellip;]<\/p>\n","protected":false},"featured_media":26740,"template":"","meta":{"_acf_changed":false},"product_brand":[320],"product_cat":[810],"product_tag":[],"class_list":{"0":"post-26738","1":"product","2":"type-product","3":"status-publish","4":"has-post-thumbnail","6":"product_brand-gehwol","7":"product_cat-g","8":"pa_packungsgroesse-3ml","10":"first","11":"instock","12":"shipping-taxable","13":"purchasable","14":"product-type-simple"},"acf":[],"_links":{"self":[{"href":"https:\/\/www.ernstbrunn-apotheke.at\/katalog\/wp-json\/wp\/v2\/product\/26738","targetHints":{"allow":["GET"]}}],"collection":[{"href":"https:\/\/www.ernstbrunn-apotheke.at\/katalog\/wp-json\/wp\/v2\/product"}],"about":[{"href":"https:\/\/www.ernstbrunn-apotheke.at\/katalog\/wp-json\/wp\/v2\/types\/product"}],"wp:featuredmedia":[{"embeddable":true,"href":"https:\/\/www.ernstbrunn-apotheke.at\/katalog\/wp-json\/wp\/v2\/media\/26740"}],"wp:attachment":[{"href":"https:\/\/www.ernstbrunn-apotheke.at\/katalog\/wp-json\/wp\/v2\/media?parent=26738"}],"wp:term":[{"taxonomy":"product_brand","embeddable":true,"href":"https:\/\/www.ernstbrunn-apotheke.at\/katalog\/wp-json\/wp\/v2\/product_brand?post=26738"},{"taxonomy":"product_cat","embeddable":true,"href":"https:\/\/www.ernstbrunn-apotheke.at\/katalog\/wp-json\/wp\/v2\/product_cat?post=26738"},{"taxonomy":"product_tag","embeddable":true,"href":"https:\/\/www.ernstbrunn-apotheke.at\/katalog\/wp-json\/wp\/v2\/product_tag?post=26738"}],"curies":[{"name":"wp","href":"https:\/\/api.w.org\/{rel}","templated":true}]}}