{"id":26735,"date":"2025-11-07T23:34:56","date_gmt":"2025-11-07T22:34:56","guid":{"rendered":"https:\/\/www.ernstbrunn-apotheke.at\/katalog\/produkt\/callusan-forte-creme-schaum-125-ml\/"},"modified":"2025-12-08T14:52:45","modified_gmt":"2025-12-08T13:52:45","slug":"callusan-forte-creme-schaum-125-ml","status":"publish","type":"product","link":"https:\/\/www.ernstbrunn-apotheke.at\/katalog\/produkt\/callusan-forte-creme-schaum-125-ml\/","title":{"rendered":"CALLUSAN Forte Creme SCHAUM 125 ML"},"content":{"rendered":"<p>Zur Intensivpflege von Hornhaut und Schrunden entwickelt, f\u00fchrt Callusan Forte zu verbl\u00fcffenden Pflegeerfolgen. Mit der neuen Pflegeformel aus hochdosierter Urea (Harnstoff), Avocado-\u00d6l und Shea-Butter wird selbst hartn\u00e4ckige Hornhaut sp\u00fcrbar weicher.<\/p>\n","protected":false},"excerpt":{"rendered":"<p>Zur Intensivpflege von Hornhaut und Schrunden entwickelt, f\u00fchrt Callusan Forte zu verbl\u00fcffenden Pflegeerfolgen. Mit der neuen Pflegeformel aus hochdosierter Urea (Harnstoff), Avocado-\u00d6l und Shea-Butter wird selbst hartn\u00e4ckige Hornhaut sp\u00fcrbar weicher.<\/p>\n","protected":false},"featured_media":26737,"template":"","meta":{"_acf_changed":false},"product_brand":[],"product_cat":[812],"product_tag":[],"class_list":{"0":"post-26735","1":"product","2":"type-product","3":"status-publish","4":"has-post-thumbnail","6":"product_cat-c","7":"pa_packungsgroesse-125ml","9":"first","10":"instock","11":"shipping-taxable","12":"purchasable","13":"product-type-simple"},"acf":[],"_links":{"self":[{"href":"https:\/\/www.ernstbrunn-apotheke.at\/katalog\/wp-json\/wp\/v2\/product\/26735","targetHints":{"allow":["GET"]}}],"collection":[{"href":"https:\/\/www.ernstbrunn-apotheke.at\/katalog\/wp-json\/wp\/v2\/product"}],"about":[{"href":"https:\/\/www.ernstbrunn-apotheke.at\/katalog\/wp-json\/wp\/v2\/types\/product"}],"wp:featuredmedia":[{"embeddable":true,"href":"https:\/\/www.ernstbrunn-apotheke.at\/katalog\/wp-json\/wp\/v2\/media\/26737"}],"wp:attachment":[{"href":"https:\/\/www.ernstbrunn-apotheke.at\/katalog\/wp-json\/wp\/v2\/media?parent=26735"}],"wp:term":[{"taxonomy":"product_brand","embeddable":true,"href":"https:\/\/www.ernstbrunn-apotheke.at\/katalog\/wp-json\/wp\/v2\/product_brand?post=26735"},{"taxonomy":"product_cat","embeddable":true,"href":"https:\/\/www.ernstbrunn-apotheke.at\/katalog\/wp-json\/wp\/v2\/product_cat?post=26735"},{"taxonomy":"product_tag","embeddable":true,"href":"https:\/\/www.ernstbrunn-apotheke.at\/katalog\/wp-json\/wp\/v2\/product_tag?post=26735"}],"curies":[{"name":"wp","href":"https:\/\/api.w.org\/{rel}","templated":true}]}}