{"id":26689,"date":"2025-11-07T23:34:08","date_gmt":"2025-11-07T22:34:08","guid":{"rendered":"https:\/\/www.ernstbrunn-apotheke.at\/katalog\/produkt\/allgaeuer-latschenkiefer-schrundensalbe-90-ml\/"},"modified":"2025-12-08T14:52:29","modified_gmt":"2025-12-08T13:52:29","slug":"allgaeuer-latschenkiefer-schrundensalbe-90-ml","status":"publish","type":"product","link":"https:\/\/www.ernstbrunn-apotheke.at\/katalog\/produkt\/allgaeuer-latschenkiefer-schrundensalbe-90-ml\/","title":{"rendered":"Allg\u00e4uer Latschenkiefer Schrundensalbe 90 ml"},"content":{"rendered":"<p>Allg\u00e4uer Latschenkiefer Schrundensalbe ist eine regenerierende Intensivpflege und gibt extrem strapazierter, trockener, rissiger und stark verhornter Haut ihre Elastizit\u00e4t und Widerstandskraft zur\u00fcck. Enth\u00e4lt Original Allg\u00e4uer Latschenkiefern\u00f6l.<\/p>\n","protected":false},"excerpt":{"rendered":"<p>Allg\u00e4uer Latschenkiefer Schrundensalbe ist eine regenerierende Intensivpflege und gibt extrem strapazierter, trockener, rissiger und stark verhornter Haut ihre Elastizit\u00e4t und Widerstandskraft zur\u00fcck. Enth\u00e4lt Original Allg\u00e4uer Latschenkiefern\u00f6l.<\/p>\n","protected":false},"featured_media":26691,"template":"","meta":{"_acf_changed":false},"product_brand":[744],"product_cat":[801],"product_tag":[],"class_list":{"0":"post-26689","1":"product","2":"type-product","3":"status-publish","4":"has-post-thumbnail","6":"product_brand-allgaeuer-latschenkiefer","7":"product_cat-a","8":"pa_packungsgroesse-90ml","10":"first","11":"instock","12":"shipping-taxable","13":"purchasable","14":"product-type-simple"},"acf":[],"_links":{"self":[{"href":"https:\/\/www.ernstbrunn-apotheke.at\/katalog\/wp-json\/wp\/v2\/product\/26689","targetHints":{"allow":["GET"]}}],"collection":[{"href":"https:\/\/www.ernstbrunn-apotheke.at\/katalog\/wp-json\/wp\/v2\/product"}],"about":[{"href":"https:\/\/www.ernstbrunn-apotheke.at\/katalog\/wp-json\/wp\/v2\/types\/product"}],"wp:featuredmedia":[{"embeddable":true,"href":"https:\/\/www.ernstbrunn-apotheke.at\/katalog\/wp-json\/wp\/v2\/media\/26691"}],"wp:attachment":[{"href":"https:\/\/www.ernstbrunn-apotheke.at\/katalog\/wp-json\/wp\/v2\/media?parent=26689"}],"wp:term":[{"taxonomy":"product_brand","embeddable":true,"href":"https:\/\/www.ernstbrunn-apotheke.at\/katalog\/wp-json\/wp\/v2\/product_brand?post=26689"},{"taxonomy":"product_cat","embeddable":true,"href":"https:\/\/www.ernstbrunn-apotheke.at\/katalog\/wp-json\/wp\/v2\/product_cat?post=26689"},{"taxonomy":"product_tag","embeddable":true,"href":"https:\/\/www.ernstbrunn-apotheke.at\/katalog\/wp-json\/wp\/v2\/product_tag?post=26689"}],"curies":[{"name":"wp","href":"https:\/\/api.w.org\/{rel}","templated":true}]}}