{"id":26679,"date":"2025-11-07T23:34:08","date_gmt":"2025-11-07T22:34:08","guid":{"rendered":"https:\/\/www.ernstbrunn-apotheke.at\/katalog\/produkt\/neutrogena-norwegische-fusscreme-trockene-haut-100-ml\/"},"modified":"2025-12-08T14:52:28","modified_gmt":"2025-12-08T13:52:28","slug":"neutrogena-norwegische-fusscreme-trockene-haut-100-ml","status":"publish","type":"product","link":"https:\/\/www.ernstbrunn-apotheke.at\/katalog\/produkt\/neutrogena-norwegische-fusscreme-trockene-haut-100-ml\/","title":{"rendered":"Neutrogena Norwegische Fu\u00dfcreme trockene Haut 100 ml"},"content":{"rendered":"<p>Urspr\u00fcnglich aus der Idee einer klaren und milden Seife entstanden, hat sich Neutrogena\u00ae zu einer starken Marke entwickelt. In den USA gilt sie als die von Dermatologen empfohlene Hautpflegemarke Nummer eins. Lange Erfahrung und enge Zusammenarbeit mit Dermatologen machen Neutrogena\u00ae zu dem, was es heute ist: eine Marke, die f\u00fcr sicht- und f\u00fchlbare Ver\u00e4nderungen steht.<\/p>\n","protected":false},"excerpt":{"rendered":"<p>Urspr\u00fcnglich aus der Idee einer klaren und milden Seife entstanden, hat sich Neutrogena\u00ae zu einer starken Marke entwickelt. In den USA gilt sie als die von Dermatologen empfohlene Hautpflegemarke Nummer eins. Lange Erfahrung und enge Zusammenarbeit mit Dermatologen machen Neutrogena\u00ae zu dem, was es heute ist: eine Marke, die f\u00fcr sicht- und f\u00fchlbare Ver\u00e4nderungen steht.<\/p>\n","protected":false},"featured_media":26681,"template":"","meta":{"_acf_changed":false},"product_brand":[745],"product_cat":[797],"product_tag":[],"class_list":{"0":"post-26679","1":"product","2":"type-product","3":"status-publish","4":"has-post-thumbnail","6":"product_brand-neutrogena","7":"product_cat-n","8":"pa_packungsgroesse-100ml","10":"first","11":"instock","12":"shipping-taxable","13":"purchasable","14":"product-type-simple"},"acf":[],"_links":{"self":[{"href":"https:\/\/www.ernstbrunn-apotheke.at\/katalog\/wp-json\/wp\/v2\/product\/26679","targetHints":{"allow":["GET"]}}],"collection":[{"href":"https:\/\/www.ernstbrunn-apotheke.at\/katalog\/wp-json\/wp\/v2\/product"}],"about":[{"href":"https:\/\/www.ernstbrunn-apotheke.at\/katalog\/wp-json\/wp\/v2\/types\/product"}],"wp:featuredmedia":[{"embeddable":true,"href":"https:\/\/www.ernstbrunn-apotheke.at\/katalog\/wp-json\/wp\/v2\/media\/26681"}],"wp:attachment":[{"href":"https:\/\/www.ernstbrunn-apotheke.at\/katalog\/wp-json\/wp\/v2\/media?parent=26679"}],"wp:term":[{"taxonomy":"product_brand","embeddable":true,"href":"https:\/\/www.ernstbrunn-apotheke.at\/katalog\/wp-json\/wp\/v2\/product_brand?post=26679"},{"taxonomy":"product_cat","embeddable":true,"href":"https:\/\/www.ernstbrunn-apotheke.at\/katalog\/wp-json\/wp\/v2\/product_cat?post=26679"},{"taxonomy":"product_tag","embeddable":true,"href":"https:\/\/www.ernstbrunn-apotheke.at\/katalog\/wp-json\/wp\/v2\/product_tag?post=26679"}],"curies":[{"name":"wp","href":"https:\/\/api.w.org\/{rel}","templated":true}]}}