{"id":26674,"date":"2025-11-07T23:34:08","date_gmt":"2025-11-07T22:34:08","guid":{"rendered":"https:\/\/www.ernstbrunn-apotheke.at\/katalog\/produkt\/allpresan-pedicare-lipid-salbe-125-ml-nr-4\/"},"modified":"2025-12-08T14:52:26","modified_gmt":"2025-12-08T13:52:26","slug":"allpresan-pedicare-lipid-salbe-125-ml-nr-4","status":"publish","type":"product","link":"https:\/\/www.ernstbrunn-apotheke.at\/katalog\/produkt\/allpresan-pedicare-lipid-salbe-125-ml-nr-4\/","title":{"rendered":"Allpresan Pedicare Lipid-Salbe 125 ml Nr. 4"},"content":{"rendered":"<p>Allpresan Pedicare Lipid-Salbe reduziert Verhornungen und Schrunden auf nat\u00fcrliche Weise. Au\u00dferdem sch\u00fctzt die Salbe vor Neubildung von Hornhaut und regeneriert die Hautbarriere und dient somit ideal als erg\u00e4nzende Nachtpflege.<\/p>\n","protected":false},"excerpt":{"rendered":"<p>Allpresan Pedicare Lipid-Salbe reduziert Verhornungen und Schrunden auf nat\u00fcrliche Weise. Au\u00dferdem sch\u00fctzt die Salbe vor Neubildung von Hornhaut und regeneriert die Hautbarriere und dient somit ideal als erg\u00e4nzende Nachtpflege.<\/p>\n","protected":false},"featured_media":26676,"template":"","meta":{"_acf_changed":false},"product_brand":[],"product_cat":[801],"product_tag":[],"class_list":{"0":"post-26674","1":"product","2":"type-product","3":"status-publish","4":"has-post-thumbnail","6":"product_cat-a","7":"pa_packungsgroesse-125ml","9":"first","10":"instock","11":"shipping-taxable","12":"purchasable","13":"product-type-simple"},"acf":[],"_links":{"self":[{"href":"https:\/\/www.ernstbrunn-apotheke.at\/katalog\/wp-json\/wp\/v2\/product\/26674","targetHints":{"allow":["GET"]}}],"collection":[{"href":"https:\/\/www.ernstbrunn-apotheke.at\/katalog\/wp-json\/wp\/v2\/product"}],"about":[{"href":"https:\/\/www.ernstbrunn-apotheke.at\/katalog\/wp-json\/wp\/v2\/types\/product"}],"wp:featuredmedia":[{"embeddable":true,"href":"https:\/\/www.ernstbrunn-apotheke.at\/katalog\/wp-json\/wp\/v2\/media\/26676"}],"wp:attachment":[{"href":"https:\/\/www.ernstbrunn-apotheke.at\/katalog\/wp-json\/wp\/v2\/media?parent=26674"}],"wp:term":[{"taxonomy":"product_brand","embeddable":true,"href":"https:\/\/www.ernstbrunn-apotheke.at\/katalog\/wp-json\/wp\/v2\/product_brand?post=26674"},{"taxonomy":"product_cat","embeddable":true,"href":"https:\/\/www.ernstbrunn-apotheke.at\/katalog\/wp-json\/wp\/v2\/product_cat?post=26674"},{"taxonomy":"product_tag","embeddable":true,"href":"https:\/\/www.ernstbrunn-apotheke.at\/katalog\/wp-json\/wp\/v2\/product_tag?post=26674"}],"curies":[{"name":"wp","href":"https:\/\/api.w.org\/{rel}","templated":true}]}}