{"id":26668,"date":"2025-11-07T23:33:34","date_gmt":"2025-11-07T22:33:34","guid":{"rendered":"https:\/\/www.ernstbrunn-apotheke.at\/katalog\/produkt\/mava-50-ml\/"},"modified":"2025-12-08T14:52:24","modified_gmt":"2025-12-08T13:52:24","slug":"mava-50-ml","status":"publish","type":"product","link":"https:\/\/www.ernstbrunn-apotheke.at\/katalog\/produkt\/mava-50-ml\/","title":{"rendered":"Mava+ 50 ml"},"content":{"rendered":"<p>Mava+ Handcreme eignet sich f\u00fcr aktive H\u00e4nde, die mit Gartenarbeit, handwerklichen oder k\u00fcnstlerischen Aufgaben, Sport und anderen Aktivit\u00e4ten besch\u00e4ftigt sind. Die Creme sch\u00fctzt und lindert H\u00e4nde, die durch \u00e4u\u00dfere Angriffe entz\u00fcndet, ger\u00f6tet, rissig und besch\u00e4digt sind. Zudem n\u00e4hrt sie und macht die H\u00e4nde zart.<\/p>\n","protected":false},"excerpt":{"rendered":"<p>Mava+ Handcreme eignet sich f\u00fcr aktive H\u00e4nde, die mit Gartenarbeit, handwerklichen oder k\u00fcnstlerischen Aufgaben, Sport und anderen Aktivit\u00e4ten besch\u00e4ftigt sind. Die Creme sch\u00fctzt und lindert H\u00e4nde, die durch \u00e4u\u00dfere Angriffe entz\u00fcndet, ger\u00f6tet, rissig und besch\u00e4digt sind. Zudem n\u00e4hrt sie und macht die H\u00e4nde zart.<\/p>\n","protected":false},"featured_media":0,"template":"","meta":{"_acf_changed":false},"product_brand":[746],"product_cat":[800],"product_tag":[],"class_list":{"0":"post-26668","1":"product","2":"type-product","3":"status-publish","5":"product_brand-mavala","6":"product_cat-m","7":"pa_packungsgroesse-50ml","9":"first","10":"instock","11":"shipping-taxable","12":"purchasable","13":"product-type-simple"},"acf":[],"_links":{"self":[{"href":"https:\/\/www.ernstbrunn-apotheke.at\/katalog\/wp-json\/wp\/v2\/product\/26668","targetHints":{"allow":["GET"]}}],"collection":[{"href":"https:\/\/www.ernstbrunn-apotheke.at\/katalog\/wp-json\/wp\/v2\/product"}],"about":[{"href":"https:\/\/www.ernstbrunn-apotheke.at\/katalog\/wp-json\/wp\/v2\/types\/product"}],"wp:attachment":[{"href":"https:\/\/www.ernstbrunn-apotheke.at\/katalog\/wp-json\/wp\/v2\/media?parent=26668"}],"wp:term":[{"taxonomy":"product_brand","embeddable":true,"href":"https:\/\/www.ernstbrunn-apotheke.at\/katalog\/wp-json\/wp\/v2\/product_brand?post=26668"},{"taxonomy":"product_cat","embeddable":true,"href":"https:\/\/www.ernstbrunn-apotheke.at\/katalog\/wp-json\/wp\/v2\/product_cat?post=26668"},{"taxonomy":"product_tag","embeddable":true,"href":"https:\/\/www.ernstbrunn-apotheke.at\/katalog\/wp-json\/wp\/v2\/product_tag?post=26668"}],"curies":[{"name":"wp","href":"https:\/\/api.w.org\/{rel}","templated":true}]}}