{"id":26616,"date":"2025-11-07T23:32:39","date_gmt":"2025-11-07T22:32:39","guid":{"rendered":"https:\/\/www.ernstbrunn-apotheke.at\/katalog\/produkt\/gehwol-med-fussdeo-creme-75-ml\/"},"modified":"2025-12-08T14:52:07","modified_gmt":"2025-12-08T13:52:07","slug":"gehwol-med-fussdeo-creme-75-ml","status":"publish","type":"product","link":"https:\/\/www.ernstbrunn-apotheke.at\/katalog\/produkt\/gehwol-med-fussdeo-creme-75-ml\/","title":{"rendered":"Gehwol Med. Fu\u00dfdeo-Creme 75 ml"},"content":{"rendered":"<p>Gehwol med Fu\u00dfdeo-Creme mit neuem, angenehmem Duft kombiniert den hochkonzentrierten Wirkstoffextrakt des Manuka-\u00d6ls mit mikronisiertem Zinkoxid zur Beseitigung von starkem Fu\u00dfgeruch f\u00fcr mindestens 24 Stunden in einer pflegenden Cremegrundlage mit Jojoba-\u00d6l und Aloe Vera.<\/p>\n","protected":false},"excerpt":{"rendered":"<p>Gehwol med Fu\u00dfdeo-Creme mit neuem, angenehmem Duft kombiniert den hochkonzentrierten Wirkstoffextrakt des Manuka-\u00d6ls mit mikronisiertem Zinkoxid zur Beseitigung von starkem Fu\u00dfgeruch f\u00fcr mindestens 24 Stunden in einer pflegenden Cremegrundlage mit Jojoba-\u00d6l und Aloe Vera.<\/p>\n","protected":false},"featured_media":26618,"template":"","meta":{"_acf_changed":false},"product_brand":[320],"product_cat":[810],"product_tag":[],"class_list":{"0":"post-26616","1":"product","2":"type-product","3":"status-publish","4":"has-post-thumbnail","6":"product_brand-gehwol","7":"product_cat-g","8":"pa_packungsgroesse-75ml","10":"first","11":"instock","12":"shipping-taxable","13":"purchasable","14":"product-type-simple"},"acf":[],"_links":{"self":[{"href":"https:\/\/www.ernstbrunn-apotheke.at\/katalog\/wp-json\/wp\/v2\/product\/26616","targetHints":{"allow":["GET"]}}],"collection":[{"href":"https:\/\/www.ernstbrunn-apotheke.at\/katalog\/wp-json\/wp\/v2\/product"}],"about":[{"href":"https:\/\/www.ernstbrunn-apotheke.at\/katalog\/wp-json\/wp\/v2\/types\/product"}],"wp:featuredmedia":[{"embeddable":true,"href":"https:\/\/www.ernstbrunn-apotheke.at\/katalog\/wp-json\/wp\/v2\/media\/26618"}],"wp:attachment":[{"href":"https:\/\/www.ernstbrunn-apotheke.at\/katalog\/wp-json\/wp\/v2\/media?parent=26616"}],"wp:term":[{"taxonomy":"product_brand","embeddable":true,"href":"https:\/\/www.ernstbrunn-apotheke.at\/katalog\/wp-json\/wp\/v2\/product_brand?post=26616"},{"taxonomy":"product_cat","embeddable":true,"href":"https:\/\/www.ernstbrunn-apotheke.at\/katalog\/wp-json\/wp\/v2\/product_cat?post=26616"},{"taxonomy":"product_tag","embeddable":true,"href":"https:\/\/www.ernstbrunn-apotheke.at\/katalog\/wp-json\/wp\/v2\/product_tag?post=26616"}],"curies":[{"name":"wp","href":"https:\/\/api.w.org\/{rel}","templated":true}]}}