{"id":26592,"date":"2025-11-07T23:32:39","date_gmt":"2025-11-07T22:32:39","guid":{"rendered":"https:\/\/www.ernstbrunn-apotheke.at\/katalog\/produkt\/la-roche-posay-novalip-duo-lippenstift-22-cassis-festif-4-ml\/"},"modified":"2025-12-08T14:53:50","modified_gmt":"2025-12-08T13:53:50","slug":"la-roche-posay-novalip-duo-lippenstift-22-cassis-festif-4-ml","status":"publish","type":"product","link":"https:\/\/www.ernstbrunn-apotheke.at\/katalog\/produkt\/la-roche-posay-novalip-duo-lippenstift-22-cassis-festif-4-ml\/","title":{"rendered":"La Roche-Posay Novalip Duo Lippenstift 22 Cassis Festif 4 ml"},"content":{"rendered":"<p>F\u00fcr trockene, empfindliche Lippen. TOLERIANE Lippenstift besteht aus intensiver Farbe und einem innovativen, feuchtigkeitsspendendem Pflegekern. Exfolierendes LHA gl\u00e4ttet die Lippen und unterst\u00fctzt die Aufnahme der Pflegewirkstoffe Gylcerin und D-Panthenol. Dank der neuen Synamer 3 Technologie bildet sich ein Netz aus Farbe auf den Lippen f\u00fcr 12 Stunden intensive Farbe und langen Halt. Dieses Netzwerk sch\u00fctzt au\u00dferdem die Pflege auf den Lippen und verst\u00e4rkt ihre Wirksamkeit f\u00fcr 9 Stunden intensive Feuchtigkeit. Brilliante Farbe bei optimaler Pflege. Erh\u00e4ltlich in 10 strahlenden Nuancen.<\/p>\n","protected":false},"excerpt":{"rendered":"<p>F\u00fcr trockene, empfindliche Lippen. TOLERIANE Lippenstift besteht aus intensiver Farbe und einem innovativen, feuchtigkeitsspendendem Pflegekern. Exfolierendes LHA gl\u00e4ttet die Lippen und unterst\u00fctzt die Aufnahme der Pflegewirkstoffe Gylcerin und D-Panthenol. Dank der neuen Synamer 3 Technologie bildet sich ein Netz aus Farbe auf den Lippen f\u00fcr 12 Stunden intensive Farbe und langen Halt. Dieses Netzwerk sch\u00fctzt [&hellip;]<\/p>\n","protected":false},"featured_media":26594,"template":"","meta":{"_acf_changed":false},"product_brand":[677],"product_cat":[795],"product_tag":[],"class_list":{"0":"post-26592","1":"product","2":"type-product","3":"status-publish","4":"has-post-thumbnail","6":"product_brand-la-roche-posay","7":"product_cat-l","8":"pa_farbe-beige-nude","9":"pa_farbe-brun-ombre","10":"pa_farbe-brun-sepia","11":"pa_farbe-cassis-festif","12":"pa_farbe-corail-indien","13":"pa_farbe-mauve-douceur","14":"pa_farbe-orange-fusion","15":"pa_farbe-orange-laser","16":"pa_farbe-orange-miel","17":"pa_farbe-pur-rouge","18":"pa_farbe-rose-fruite","19":"pa_farbe-rouge-mat","20":"pa_packungsgroesse-4ml","22":"first","23":"instock","24":"shipping-taxable","25":"purchasable","26":"product-type-variable"},"acf":[],"_links":{"self":[{"href":"https:\/\/www.ernstbrunn-apotheke.at\/katalog\/wp-json\/wp\/v2\/product\/26592","targetHints":{"allow":["GET"]}}],"collection":[{"href":"https:\/\/www.ernstbrunn-apotheke.at\/katalog\/wp-json\/wp\/v2\/product"}],"about":[{"href":"https:\/\/www.ernstbrunn-apotheke.at\/katalog\/wp-json\/wp\/v2\/types\/product"}],"wp:featuredmedia":[{"embeddable":true,"href":"https:\/\/www.ernstbrunn-apotheke.at\/katalog\/wp-json\/wp\/v2\/media\/26594"}],"wp:attachment":[{"href":"https:\/\/www.ernstbrunn-apotheke.at\/katalog\/wp-json\/wp\/v2\/media?parent=26592"}],"wp:term":[{"taxonomy":"product_brand","embeddable":true,"href":"https:\/\/www.ernstbrunn-apotheke.at\/katalog\/wp-json\/wp\/v2\/product_brand?post=26592"},{"taxonomy":"product_cat","embeddable":true,"href":"https:\/\/www.ernstbrunn-apotheke.at\/katalog\/wp-json\/wp\/v2\/product_cat?post=26592"},{"taxonomy":"product_tag","embeddable":true,"href":"https:\/\/www.ernstbrunn-apotheke.at\/katalog\/wp-json\/wp\/v2\/product_tag?post=26592"}],"curies":[{"name":"wp","href":"https:\/\/api.w.org\/{rel}","templated":true}]}}