{"id":26583,"date":"2025-11-07T23:32:39","date_gmt":"2025-11-07T22:32:39","guid":{"rendered":"https:\/\/www.ernstbrunn-apotheke.at\/katalog\/produkt\/allgaeuer-latschenkiefer-sole-fussbad-350-g\/"},"modified":"2025-12-08T14:52:00","modified_gmt":"2025-12-08T13:52:00","slug":"allgaeuer-latschenkiefer-sole-fussbad-350-g","status":"publish","type":"product","link":"https:\/\/www.ernstbrunn-apotheke.at\/katalog\/produkt\/allgaeuer-latschenkiefer-sole-fussbad-350-g\/","title":{"rendered":"Allg\u00e4uer Latschenkiefer Sole Fu\u00dfbad 350 g"},"content":{"rendered":"<p>Allg\u00e4uer Latschenkiefer Sole Fu\u00dfbad besteht aus reinem Latschenkiefern\u00f6l und nat\u00fcrlichem Quell Solesalz und wirkt anregend f\u00fcr die Blutzirkulation. Beanspruchte, strapazierte F\u00fc\u00dfe werden neu belebt und erhalten frische Kraft. Strapazierte Hautstellen werden sanft gereinigt und nachhaltig gepflegt. erhalten Sie dieses Produkt in den Packungsgr\u00f6\u00dfen 100 g und 350 g.<\/p>\n","protected":false},"excerpt":{"rendered":"<p>Allg\u00e4uer Latschenkiefer Sole Fu\u00dfbad besteht aus reinem Latschenkiefern\u00f6l und nat\u00fcrlichem Quell Solesalz und wirkt anregend f\u00fcr die Blutzirkulation. Beanspruchte, strapazierte F\u00fc\u00dfe werden neu belebt und erhalten frische Kraft. Strapazierte Hautstellen werden sanft gereinigt und nachhaltig gepflegt. erhalten Sie dieses Produkt in den Packungsgr\u00f6\u00dfen 100 g und 350 g.<\/p>\n","protected":false},"featured_media":26585,"template":"","meta":{"_acf_changed":false},"product_brand":[744],"product_cat":[801],"product_tag":[],"class_list":{"0":"post-26583","1":"product","2":"type-product","3":"status-publish","4":"has-post-thumbnail","6":"product_brand-allgaeuer-latschenkiefer","7":"product_cat-a","8":"pa_packungsgroesse-350g","10":"first","11":"instock","12":"shipping-taxable","13":"purchasable","14":"product-type-simple"},"acf":[],"_links":{"self":[{"href":"https:\/\/www.ernstbrunn-apotheke.at\/katalog\/wp-json\/wp\/v2\/product\/26583","targetHints":{"allow":["GET"]}}],"collection":[{"href":"https:\/\/www.ernstbrunn-apotheke.at\/katalog\/wp-json\/wp\/v2\/product"}],"about":[{"href":"https:\/\/www.ernstbrunn-apotheke.at\/katalog\/wp-json\/wp\/v2\/types\/product"}],"wp:featuredmedia":[{"embeddable":true,"href":"https:\/\/www.ernstbrunn-apotheke.at\/katalog\/wp-json\/wp\/v2\/media\/26585"}],"wp:attachment":[{"href":"https:\/\/www.ernstbrunn-apotheke.at\/katalog\/wp-json\/wp\/v2\/media?parent=26583"}],"wp:term":[{"taxonomy":"product_brand","embeddable":true,"href":"https:\/\/www.ernstbrunn-apotheke.at\/katalog\/wp-json\/wp\/v2\/product_brand?post=26583"},{"taxonomy":"product_cat","embeddable":true,"href":"https:\/\/www.ernstbrunn-apotheke.at\/katalog\/wp-json\/wp\/v2\/product_cat?post=26583"},{"taxonomy":"product_tag","embeddable":true,"href":"https:\/\/www.ernstbrunn-apotheke.at\/katalog\/wp-json\/wp\/v2\/product_tag?post=26583"}],"curies":[{"name":"wp","href":"https:\/\/api.w.org\/{rel}","templated":true}]}}