{"id":26534,"date":"2025-11-07T23:31:40","date_gmt":"2025-11-07T22:31:40","guid":{"rendered":"https:\/\/www.ernstbrunn-apotheke.at\/katalog\/produkt\/weleda-mandel-sensitive-handcreme-50-ml\/"},"modified":"2025-12-08T14:51:50","modified_gmt":"2025-12-08T13:51:50","slug":"weleda-mandel-sensitive-handcreme-50-ml","status":"publish","type":"product","link":"https:\/\/www.ernstbrunn-apotheke.at\/katalog\/produkt\/weleda-mandel-sensitive-handcreme-50-ml\/","title":{"rendered":"WELEDA MANDEL SENSITIVE HANDCREME 50 ML"},"content":{"rendered":"<p>Weleda Mandel Handcreme Sensible Haut beruhigt zu Irritationen neigende Haut, st\u00e4rkt die Schutzfunktion der Haut und beugt dadurch sch\u00e4digenden Umwelteinfl\u00fcssen vor. Hochwertiges Bio-Mandel\u00f6l und eine Mischung aus \u00e4therischen \u00d6len vervollst\u00e4ndigen das angenehme Pflege- und Dufterlebnis. Erleben Sie zart gepflegte H\u00e4nde und ein sanftes Hautgef\u00fchl..<\/p>\n","protected":false},"excerpt":{"rendered":"<p>Weleda Mandel Handcreme Sensible Haut beruhigt zu Irritationen neigende Haut, st\u00e4rkt die Schutzfunktion der Haut und beugt dadurch sch\u00e4digenden Umwelteinfl\u00fcssen vor. Hochwertiges Bio-Mandel\u00f6l und eine Mischung aus \u00e4therischen \u00d6len vervollst\u00e4ndigen das angenehme Pflege- und Dufterlebnis. Erleben Sie zart gepflegte H\u00e4nde und ein sanftes Hautgef\u00fchl..<\/p>\n","protected":false},"featured_media":26536,"template":"","meta":{"_acf_changed":false},"product_brand":[567],"product_cat":[796],"product_tag":[],"class_list":{"0":"post-26534","1":"product","2":"type-product","3":"status-publish","4":"has-post-thumbnail","6":"product_brand-weleda","7":"product_cat-w","8":"pa_packungsgroesse-50ml","10":"first","11":"instock","12":"shipping-taxable","13":"purchasable","14":"product-type-simple"},"acf":[],"_links":{"self":[{"href":"https:\/\/www.ernstbrunn-apotheke.at\/katalog\/wp-json\/wp\/v2\/product\/26534","targetHints":{"allow":["GET"]}}],"collection":[{"href":"https:\/\/www.ernstbrunn-apotheke.at\/katalog\/wp-json\/wp\/v2\/product"}],"about":[{"href":"https:\/\/www.ernstbrunn-apotheke.at\/katalog\/wp-json\/wp\/v2\/types\/product"}],"wp:featuredmedia":[{"embeddable":true,"href":"https:\/\/www.ernstbrunn-apotheke.at\/katalog\/wp-json\/wp\/v2\/media\/26536"}],"wp:attachment":[{"href":"https:\/\/www.ernstbrunn-apotheke.at\/katalog\/wp-json\/wp\/v2\/media?parent=26534"}],"wp:term":[{"taxonomy":"product_brand","embeddable":true,"href":"https:\/\/www.ernstbrunn-apotheke.at\/katalog\/wp-json\/wp\/v2\/product_brand?post=26534"},{"taxonomy":"product_cat","embeddable":true,"href":"https:\/\/www.ernstbrunn-apotheke.at\/katalog\/wp-json\/wp\/v2\/product_cat?post=26534"},{"taxonomy":"product_tag","embeddable":true,"href":"https:\/\/www.ernstbrunn-apotheke.at\/katalog\/wp-json\/wp\/v2\/product_tag?post=26534"}],"curies":[{"name":"wp","href":"https:\/\/api.w.org\/{rel}","templated":true}]}}