{"id":26509,"date":"2025-11-07T23:31:40","date_gmt":"2025-11-07T22:31:40","guid":{"rendered":"https:\/\/www.ernstbrunn-apotheke.at\/katalog\/produkt\/alva-hornhaut-balsam-30-ml\/"},"modified":"2025-12-08T14:51:43","modified_gmt":"2025-12-08T13:51:43","slug":"alva-hornhaut-balsam-30-ml","status":"publish","type":"product","link":"https:\/\/www.ernstbrunn-apotheke.at\/katalog\/produkt\/alva-hornhaut-balsam-30-ml\/","title":{"rendered":"Alva Hornhaut Balsam 30 ml"},"content":{"rendered":"<p>Alva Hornhaut Balsam reduziert auf behutsame Weise Hornhaut an jeder Stelle des K\u00f6rpers. Woauch  immer es f\u00fcr Sie wichtig ist &#8211; ob an den F\u00fc\u00dfen, H\u00e4nden, Ellenbogen oder Knien, selbst dickere Hornhautschichten werden rasch erweicht und bilden sich zur\u00fcck. Auch durch Druckstellen entstandene Hornhaut wie die von H\u00fchneraugen und Warzen werden sanft entfernt. Jetzt mit hohem Rabatt bestellen!<\/p>\n","protected":false},"excerpt":{"rendered":"<p>Alva Hornhaut Balsam reduziert auf behutsame Weise Hornhaut an jeder Stelle des K\u00f6rpers. Woauch immer es f\u00fcr Sie wichtig ist &#8211; ob an den F\u00fc\u00dfen, H\u00e4nden, Ellenbogen oder Knien, selbst dickere Hornhautschichten werden rasch erweicht und bilden sich zur\u00fcck. Auch durch Druckstellen entstandene Hornhaut wie die von H\u00fchneraugen und Warzen werden sanft entfernt. Jetzt mit [&hellip;]<\/p>\n","protected":false},"featured_media":26511,"template":"","meta":{"_acf_changed":false},"product_brand":[],"product_cat":[801],"product_tag":[],"class_list":{"0":"post-26509","1":"product","2":"type-product","3":"status-publish","4":"has-post-thumbnail","6":"product_cat-a","7":"pa_packungsgroesse-30ml","9":"first","10":"instock","11":"shipping-taxable","12":"purchasable","13":"product-type-simple"},"acf":[],"_links":{"self":[{"href":"https:\/\/www.ernstbrunn-apotheke.at\/katalog\/wp-json\/wp\/v2\/product\/26509","targetHints":{"allow":["GET"]}}],"collection":[{"href":"https:\/\/www.ernstbrunn-apotheke.at\/katalog\/wp-json\/wp\/v2\/product"}],"about":[{"href":"https:\/\/www.ernstbrunn-apotheke.at\/katalog\/wp-json\/wp\/v2\/types\/product"}],"wp:featuredmedia":[{"embeddable":true,"href":"https:\/\/www.ernstbrunn-apotheke.at\/katalog\/wp-json\/wp\/v2\/media\/26511"}],"wp:attachment":[{"href":"https:\/\/www.ernstbrunn-apotheke.at\/katalog\/wp-json\/wp\/v2\/media?parent=26509"}],"wp:term":[{"taxonomy":"product_brand","embeddable":true,"href":"https:\/\/www.ernstbrunn-apotheke.at\/katalog\/wp-json\/wp\/v2\/product_brand?post=26509"},{"taxonomy":"product_cat","embeddable":true,"href":"https:\/\/www.ernstbrunn-apotheke.at\/katalog\/wp-json\/wp\/v2\/product_cat?post=26509"},{"taxonomy":"product_tag","embeddable":true,"href":"https:\/\/www.ernstbrunn-apotheke.at\/katalog\/wp-json\/wp\/v2\/product_tag?post=26509"}],"curies":[{"name":"wp","href":"https:\/\/api.w.org\/{rel}","templated":true}]}}