{"id":26498,"date":"2025-11-07T23:31:05","date_gmt":"2025-11-07T22:31:05","guid":{"rendered":"https:\/\/www.ernstbrunn-apotheke.at\/katalog\/produkt\/allgaeuer-latschenkiefer-fusspflege-deospray-100-ml\/"},"modified":"2025-12-08T14:51:40","modified_gmt":"2025-12-08T13:51:40","slug":"allgaeuer-latschenkiefer-fusspflege-deospray-100-ml","status":"publish","type":"product","link":"https:\/\/www.ernstbrunn-apotheke.at\/katalog\/produkt\/allgaeuer-latschenkiefer-fusspflege-deospray-100-ml\/","title":{"rendered":"Allg\u00e4uer Latschenkiefer Fu\u00dfpflege Deospray 100 ml"},"content":{"rendered":"<p>Allg\u00e4uer Latschenkiefer Fu\u00dfpflege Deospray ist der ideale Frischeschutz bei Schwei\u00dff\u00fc\u00dfen und Fu\u00dfgeruch. Die Wirkformel mit Octopirox desodoriert und l\u00e4sst Fu\u00dfgeruch erst gar nicht entstehen. Die F\u00fc\u00dfe werden zart gepflegt, Fu\u00dfpilz wird vorgebeugt.<\/p>\n","protected":false},"excerpt":{"rendered":"<p>Allg\u00e4uer Latschenkiefer Fu\u00dfpflege Deospray ist der ideale Frischeschutz bei Schwei\u00dff\u00fc\u00dfen und Fu\u00dfgeruch. Die Wirkformel mit Octopirox desodoriert und l\u00e4sst Fu\u00dfgeruch erst gar nicht entstehen. Die F\u00fc\u00dfe werden zart gepflegt, Fu\u00dfpilz wird vorgebeugt.<\/p>\n","protected":false},"featured_media":26500,"template":"","meta":{"_acf_changed":false},"product_brand":[744],"product_cat":[801],"product_tag":[],"class_list":{"0":"post-26498","1":"product","2":"type-product","3":"status-publish","4":"has-post-thumbnail","6":"product_brand-allgaeuer-latschenkiefer","7":"product_cat-a","8":"pa_packungsgroesse-100ml","10":"first","11":"instock","12":"shipping-taxable","13":"purchasable","14":"product-type-simple"},"acf":[],"_links":{"self":[{"href":"https:\/\/www.ernstbrunn-apotheke.at\/katalog\/wp-json\/wp\/v2\/product\/26498","targetHints":{"allow":["GET"]}}],"collection":[{"href":"https:\/\/www.ernstbrunn-apotheke.at\/katalog\/wp-json\/wp\/v2\/product"}],"about":[{"href":"https:\/\/www.ernstbrunn-apotheke.at\/katalog\/wp-json\/wp\/v2\/types\/product"}],"wp:featuredmedia":[{"embeddable":true,"href":"https:\/\/www.ernstbrunn-apotheke.at\/katalog\/wp-json\/wp\/v2\/media\/26500"}],"wp:attachment":[{"href":"https:\/\/www.ernstbrunn-apotheke.at\/katalog\/wp-json\/wp\/v2\/media?parent=26498"}],"wp:term":[{"taxonomy":"product_brand","embeddable":true,"href":"https:\/\/www.ernstbrunn-apotheke.at\/katalog\/wp-json\/wp\/v2\/product_brand?post=26498"},{"taxonomy":"product_cat","embeddable":true,"href":"https:\/\/www.ernstbrunn-apotheke.at\/katalog\/wp-json\/wp\/v2\/product_cat?post=26498"},{"taxonomy":"product_tag","embeddable":true,"href":"https:\/\/www.ernstbrunn-apotheke.at\/katalog\/wp-json\/wp\/v2\/product_tag?post=26498"}],"curies":[{"name":"wp","href":"https:\/\/api.w.org\/{rel}","templated":true}]}}