{"id":26491,"date":"2025-11-07T23:31:05","date_gmt":"2025-11-07T22:31:05","guid":{"rendered":"https:\/\/www.ernstbrunn-apotheke.at\/katalog\/produkt\/ensbona-handcreme-jojoba-oel-tube-75-ml\/"},"modified":"2025-12-08T14:51:38","modified_gmt":"2025-12-08T13:51:38","slug":"ensbona-handcreme-jojoba-oel-tube-75-ml","status":"publish","type":"product","link":"https:\/\/www.ernstbrunn-apotheke.at\/katalog\/produkt\/ensbona-handcreme-jojoba-oel-tube-75-ml\/","title":{"rendered":"Ensbona Handcreme + Jojoba-\u00d6l Tube 75 ml"},"content":{"rendered":"<p>Ensbona Handcreme + Jojoba-\u00d6l Tube bietet wirkungsvolle Pflege f\u00fcr den ganzen Tag. Sie zieht schnell ein und h\u00e4lt Ihre Haut weich und geschmeidig ohne zu fetten. Sch\u00fctzt und pflegt empfindliche H\u00e4nde.<\/p>\n","protected":false},"excerpt":{"rendered":"<p>Ensbona Handcreme + Jojoba-\u00d6l Tube bietet wirkungsvolle Pflege f\u00fcr den ganzen Tag. Sie zieht schnell ein und h\u00e4lt Ihre Haut weich und geschmeidig ohne zu fetten. Sch\u00fctzt und pflegt empfindliche H\u00e4nde.<\/p>\n","protected":false},"featured_media":26493,"template":"","meta":{"_acf_changed":false},"product_brand":[],"product_cat":[794],"product_tag":[],"class_list":{"0":"post-26491","1":"product","2":"type-product","3":"status-publish","4":"has-post-thumbnail","6":"product_cat-e","7":"pa_farbe-weiss","8":"pa_packungsgroesse-75ml","10":"first","11":"instock","12":"shipping-taxable","13":"purchasable","14":"product-type-simple"},"acf":[],"_links":{"self":[{"href":"https:\/\/www.ernstbrunn-apotheke.at\/katalog\/wp-json\/wp\/v2\/product\/26491","targetHints":{"allow":["GET"]}}],"collection":[{"href":"https:\/\/www.ernstbrunn-apotheke.at\/katalog\/wp-json\/wp\/v2\/product"}],"about":[{"href":"https:\/\/www.ernstbrunn-apotheke.at\/katalog\/wp-json\/wp\/v2\/types\/product"}],"wp:featuredmedia":[{"embeddable":true,"href":"https:\/\/www.ernstbrunn-apotheke.at\/katalog\/wp-json\/wp\/v2\/media\/26493"}],"wp:attachment":[{"href":"https:\/\/www.ernstbrunn-apotheke.at\/katalog\/wp-json\/wp\/v2\/media?parent=26491"}],"wp:term":[{"taxonomy":"product_brand","embeddable":true,"href":"https:\/\/www.ernstbrunn-apotheke.at\/katalog\/wp-json\/wp\/v2\/product_brand?post=26491"},{"taxonomy":"product_cat","embeddable":true,"href":"https:\/\/www.ernstbrunn-apotheke.at\/katalog\/wp-json\/wp\/v2\/product_cat?post=26491"},{"taxonomy":"product_tag","embeddable":true,"href":"https:\/\/www.ernstbrunn-apotheke.at\/katalog\/wp-json\/wp\/v2\/product_tag?post=26491"}],"curies":[{"name":"wp","href":"https:\/\/api.w.org\/{rel}","templated":true}]}}