{"id":26450,"date":"2025-11-07T23:30:17","date_gmt":"2025-11-07T22:30:17","guid":{"rendered":"https:\/\/www.ernstbrunn-apotheke.at\/katalog\/produkt\/dikla-nagelmaske-12-ml-fluessigkeit\/"},"modified":"2025-12-08T14:51:22","modified_gmt":"2025-12-08T13:51:22","slug":"dikla-nagelmaske-12-ml-fluessigkeit","status":"publish","type":"product","link":"https:\/\/www.ernstbrunn-apotheke.at\/katalog\/produkt\/dikla-nagelmaske-12-ml-fluessigkeit\/","title":{"rendered":"Dikla Nagelmaske 12 ml Fl\u00fcssigkeit"},"content":{"rendered":"<p>Dikla Nagelmaske rehydriert selbst trockenste N\u00e4gel. Die Maske bildet einen Film auf den N\u00e4geln f\u00fcr eine kontinuierliche Feuchtigkeitsversorgung. Sie repariert und revitalisiert die N\u00e4gel \u2013 jetzt alle Produkte von Dikla zum Sonderpreis bestellen!<\/p>\n","protected":false},"excerpt":{"rendered":"<p>Dikla Nagelmaske rehydriert selbst trockenste N\u00e4gel. Die Maske bildet einen Film auf den N\u00e4geln f\u00fcr eine kontinuierliche Feuchtigkeitsversorgung. Sie repariert und revitalisiert die N\u00e4gel \u2013 jetzt alle Produkte von Dikla zum Sonderpreis bestellen!<\/p>\n","protected":false},"featured_media":26452,"template":"","meta":{"_acf_changed":false},"product_brand":[],"product_cat":[792],"product_tag":[],"class_list":{"0":"post-26450","1":"product","2":"type-product","3":"status-publish","4":"has-post-thumbnail","6":"product_cat-d","7":"pa_packungsgroesse-12ml","9":"first","10":"instock","11":"shipping-taxable","12":"purchasable","13":"product-type-simple"},"acf":[],"_links":{"self":[{"href":"https:\/\/www.ernstbrunn-apotheke.at\/katalog\/wp-json\/wp\/v2\/product\/26450","targetHints":{"allow":["GET"]}}],"collection":[{"href":"https:\/\/www.ernstbrunn-apotheke.at\/katalog\/wp-json\/wp\/v2\/product"}],"about":[{"href":"https:\/\/www.ernstbrunn-apotheke.at\/katalog\/wp-json\/wp\/v2\/types\/product"}],"wp:featuredmedia":[{"embeddable":true,"href":"https:\/\/www.ernstbrunn-apotheke.at\/katalog\/wp-json\/wp\/v2\/media\/26452"}],"wp:attachment":[{"href":"https:\/\/www.ernstbrunn-apotheke.at\/katalog\/wp-json\/wp\/v2\/media?parent=26450"}],"wp:term":[{"taxonomy":"product_brand","embeddable":true,"href":"https:\/\/www.ernstbrunn-apotheke.at\/katalog\/wp-json\/wp\/v2\/product_brand?post=26450"},{"taxonomy":"product_cat","embeddable":true,"href":"https:\/\/www.ernstbrunn-apotheke.at\/katalog\/wp-json\/wp\/v2\/product_cat?post=26450"},{"taxonomy":"product_tag","embeddable":true,"href":"https:\/\/www.ernstbrunn-apotheke.at\/katalog\/wp-json\/wp\/v2\/product_tag?post=26450"}],"curies":[{"name":"wp","href":"https:\/\/api.w.org\/{rel}","templated":true}]}}