{"id":26445,"date":"2025-11-07T23:30:17","date_gmt":"2025-11-07T22:30:17","guid":{"rendered":"https:\/\/www.ernstbrunn-apotheke.at\/katalog\/produkt\/viva-skin-nailpen-28-ml\/"},"modified":"2025-12-08T14:51:20","modified_gmt":"2025-12-08T13:51:20","slug":"viva-skin-nailpen-28-ml","status":"publish","type":"product","link":"https:\/\/www.ernstbrunn-apotheke.at\/katalog\/produkt\/viva-skin-nailpen-28-ml\/","title":{"rendered":"Viva Skin Nailpen 2,8 ml"},"content":{"rendered":"<p>Der Viva Skin Nailpen erh\u00f6ht den Feuchtigkeitsgehalt im Nagel, sorgt so f\u00fcr mehr Elastizit\u00e4t und bildet eine Schutzschicht gegen \u00e4u\u00dfere Einfl\u00fcsse.<\/p>\n","protected":false},"excerpt":{"rendered":"<p>Der Viva Skin Nailpen erh\u00f6ht den Feuchtigkeitsgehalt im Nagel, sorgt so f\u00fcr mehr Elastizit\u00e4t und bildet eine Schutzschicht gegen \u00e4u\u00dfere Einfl\u00fcsse.<\/p>\n","protected":false},"featured_media":26447,"template":"","meta":{"_acf_changed":false},"product_brand":[],"product_cat":[799],"product_tag":[],"class_list":{"0":"post-26445","1":"product","2":"type-product","3":"status-publish","4":"has-post-thumbnail","6":"product_cat-v","7":"pa_packungsgroesse-2ml","9":"first","10":"instock","11":"shipping-taxable","12":"purchasable","13":"product-type-simple"},"acf":[],"_links":{"self":[{"href":"https:\/\/www.ernstbrunn-apotheke.at\/katalog\/wp-json\/wp\/v2\/product\/26445","targetHints":{"allow":["GET"]}}],"collection":[{"href":"https:\/\/www.ernstbrunn-apotheke.at\/katalog\/wp-json\/wp\/v2\/product"}],"about":[{"href":"https:\/\/www.ernstbrunn-apotheke.at\/katalog\/wp-json\/wp\/v2\/types\/product"}],"wp:featuredmedia":[{"embeddable":true,"href":"https:\/\/www.ernstbrunn-apotheke.at\/katalog\/wp-json\/wp\/v2\/media\/26447"}],"wp:attachment":[{"href":"https:\/\/www.ernstbrunn-apotheke.at\/katalog\/wp-json\/wp\/v2\/media?parent=26445"}],"wp:term":[{"taxonomy":"product_brand","embeddable":true,"href":"https:\/\/www.ernstbrunn-apotheke.at\/katalog\/wp-json\/wp\/v2\/product_brand?post=26445"},{"taxonomy":"product_cat","embeddable":true,"href":"https:\/\/www.ernstbrunn-apotheke.at\/katalog\/wp-json\/wp\/v2\/product_cat?post=26445"},{"taxonomy":"product_tag","embeddable":true,"href":"https:\/\/www.ernstbrunn-apotheke.at\/katalog\/wp-json\/wp\/v2\/product_tag?post=26445"}],"curies":[{"name":"wp","href":"https:\/\/api.w.org\/{rel}","templated":true}]}}