{"id":26372,"date":"2025-11-07T23:29:27","date_gmt":"2025-11-07T22:29:27","guid":{"rendered":"https:\/\/www.ernstbrunn-apotheke.at\/katalog\/produkt\/styx-kartoffel-handbalsam-70-ml\/"},"modified":"2025-12-08T14:50:56","modified_gmt":"2025-12-08T13:50:56","slug":"styx-kartoffel-handbalsam-70-ml","status":"publish","type":"product","link":"https:\/\/www.ernstbrunn-apotheke.at\/katalog\/produkt\/styx-kartoffel-handbalsam-70-ml\/","title":{"rendered":"Styx Kartoffel Handbalsam 70 ml"},"content":{"rendered":"<p>Kartoffel Handbalsam ist ein altes Hausmittel, erzeugt nach einem Waldviertler Bauernrezept, modern und schonend verarbeitet zu einer wertvollen Pflegecreme f\u00fcr raue, schrundige und pflegebed\u00fcrftige Haut. Das Handbalsam zieht schnell ein ohne zu fetten und ist f\u00fcr Damen und Herren geeignet..<\/p>\n","protected":false},"excerpt":{"rendered":"<p>Kartoffel Handbalsam ist ein altes Hausmittel, erzeugt nach einem Waldviertler Bauernrezept, modern und schonend verarbeitet zu einer wertvollen Pflegecreme f\u00fcr raue, schrundige und pflegebed\u00fcrftige Haut. Das Handbalsam zieht schnell ein ohne zu fetten und ist f\u00fcr Damen und Herren geeignet..<\/p>\n","protected":false},"featured_media":26374,"template":"","meta":{"_acf_changed":false},"product_brand":[],"product_cat":[791],"product_tag":[],"class_list":{"0":"post-26372","1":"product","2":"type-product","3":"status-publish","4":"has-post-thumbnail","6":"product_cat-s","7":"pa_packungsgroesse-70ml","9":"first","10":"instock","11":"shipping-taxable","12":"purchasable","13":"product-type-simple"},"acf":[],"_links":{"self":[{"href":"https:\/\/www.ernstbrunn-apotheke.at\/katalog\/wp-json\/wp\/v2\/product\/26372","targetHints":{"allow":["GET"]}}],"collection":[{"href":"https:\/\/www.ernstbrunn-apotheke.at\/katalog\/wp-json\/wp\/v2\/product"}],"about":[{"href":"https:\/\/www.ernstbrunn-apotheke.at\/katalog\/wp-json\/wp\/v2\/types\/product"}],"wp:featuredmedia":[{"embeddable":true,"href":"https:\/\/www.ernstbrunn-apotheke.at\/katalog\/wp-json\/wp\/v2\/media\/26374"}],"wp:attachment":[{"href":"https:\/\/www.ernstbrunn-apotheke.at\/katalog\/wp-json\/wp\/v2\/media?parent=26372"}],"wp:term":[{"taxonomy":"product_brand","embeddable":true,"href":"https:\/\/www.ernstbrunn-apotheke.at\/katalog\/wp-json\/wp\/v2\/product_brand?post=26372"},{"taxonomy":"product_cat","embeddable":true,"href":"https:\/\/www.ernstbrunn-apotheke.at\/katalog\/wp-json\/wp\/v2\/product_cat?post=26372"},{"taxonomy":"product_tag","embeddable":true,"href":"https:\/\/www.ernstbrunn-apotheke.at\/katalog\/wp-json\/wp\/v2\/product_tag?post=26372"}],"curies":[{"name":"wp","href":"https:\/\/api.w.org\/{rel}","templated":true}]}}