{"id":26253,"date":"2025-11-07T23:27:22","date_gmt":"2025-11-07T22:27:22","guid":{"rendered":"https:\/\/www.ernstbrunn-apotheke.at\/katalog\/produkt\/allpresan-fuss-spezial-schaum-creme-125-ml-nr-4\/"},"modified":"2025-12-08T14:50:06","modified_gmt":"2025-12-08T13:50:06","slug":"allpresan-fuss-spezial-schaum-creme-125-ml-nr-4","status":"publish","type":"product","link":"https:\/\/www.ernstbrunn-apotheke.at\/katalog\/produkt\/allpresan-fuss-spezial-schaum-creme-125-ml-nr-4\/","title":{"rendered":"Allpresan Fu\u00df spezial Schaum-Creme 125 ml Nr. 4"},"content":{"rendered":"<p>Allpresan Fu\u00df spezial Schaum-Creme reduziert Verhornungen und Schrunden auf nat\u00fcrliche Weise. Au\u00dferdem sch\u00fctzt sie vor Neubildung von Hornhaut und regeneriert die Hautbarriere. Es dient somit als Analgetikum f\u00fcr die F\u00fc\u00dfe<\/p>\n","protected":false},"excerpt":{"rendered":"<p>Allpresan Fu\u00df spezial Schaum-Creme reduziert Verhornungen und Schrunden auf nat\u00fcrliche Weise. Au\u00dferdem sch\u00fctzt sie vor Neubildung von Hornhaut und regeneriert die Hautbarriere. Es dient somit als Analgetikum f\u00fcr die F\u00fc\u00dfe<\/p>\n","protected":false},"featured_media":26255,"template":"","meta":{"_acf_changed":false},"product_brand":[],"product_cat":[801],"product_tag":[],"class_list":{"0":"post-26253","1":"product","2":"type-product","3":"status-publish","4":"has-post-thumbnail","6":"product_cat-a","7":"pa_packungsgroesse-125ml","9":"first","10":"instock","11":"shipping-taxable","12":"purchasable","13":"product-type-simple"},"acf":[],"_links":{"self":[{"href":"https:\/\/www.ernstbrunn-apotheke.at\/katalog\/wp-json\/wp\/v2\/product\/26253","targetHints":{"allow":["GET"]}}],"collection":[{"href":"https:\/\/www.ernstbrunn-apotheke.at\/katalog\/wp-json\/wp\/v2\/product"}],"about":[{"href":"https:\/\/www.ernstbrunn-apotheke.at\/katalog\/wp-json\/wp\/v2\/types\/product"}],"wp:featuredmedia":[{"embeddable":true,"href":"https:\/\/www.ernstbrunn-apotheke.at\/katalog\/wp-json\/wp\/v2\/media\/26255"}],"wp:attachment":[{"href":"https:\/\/www.ernstbrunn-apotheke.at\/katalog\/wp-json\/wp\/v2\/media?parent=26253"}],"wp:term":[{"taxonomy":"product_brand","embeddable":true,"href":"https:\/\/www.ernstbrunn-apotheke.at\/katalog\/wp-json\/wp\/v2\/product_brand?post=26253"},{"taxonomy":"product_cat","embeddable":true,"href":"https:\/\/www.ernstbrunn-apotheke.at\/katalog\/wp-json\/wp\/v2\/product_cat?post=26253"},{"taxonomy":"product_tag","embeddable":true,"href":"https:\/\/www.ernstbrunn-apotheke.at\/katalog\/wp-json\/wp\/v2\/product_tag?post=26253"}],"curies":[{"name":"wp","href":"https:\/\/api.w.org\/{rel}","templated":true}]}}