{"id":26234,"date":"2025-11-07T23:27:22","date_gmt":"2025-11-07T22:27:22","guid":{"rendered":"https:\/\/www.ernstbrunn-apotheke.at\/katalog\/produkt\/gerlasan-handcreme-75-ml\/"},"modified":"2025-12-08T14:50:00","modified_gmt":"2025-12-08T13:50:00","slug":"gerlasan-handcreme-75-ml","status":"publish","type":"product","link":"https:\/\/www.ernstbrunn-apotheke.at\/katalog\/produkt\/gerlasan-handcreme-75-ml\/","title":{"rendered":"GERLASAN HANDCREME 75 ML"},"content":{"rendered":"<p>Die Gerlasan Handcreme ist eine feuchtigkeitsspendende Handcreme mit Aloe Vera, Harnstoff und Jojoba\u00f6l. Schnell einziehend, nicht klebend. Zur t\u00e4glichen Pflege der H\u00e4nde, besonders bei h\u00e4ufigem Kontakt mit Wasser und Reinigungsmitteln sowie unter Schutzhandschuhen.<\/p>\n","protected":false},"excerpt":{"rendered":"<p>Die Gerlasan Handcreme ist eine feuchtigkeitsspendende Handcreme mit Aloe Vera, Harnstoff und Jojoba\u00f6l. Schnell einziehend, nicht klebend. Zur t\u00e4glichen Pflege der H\u00e4nde, besonders bei h\u00e4ufigem Kontakt mit Wasser und Reinigungsmitteln sowie unter Schutzhandschuhen.<\/p>\n","protected":false},"featured_media":26236,"template":"","meta":{"_acf_changed":false},"product_brand":[],"product_cat":[810],"product_tag":[],"class_list":{"0":"post-26234","1":"product","2":"type-product","3":"status-publish","4":"has-post-thumbnail","6":"product_cat-g","7":"pa_packungsgroesse-75ml","9":"first","10":"instock","11":"shipping-taxable","12":"purchasable","13":"product-type-simple"},"acf":[],"_links":{"self":[{"href":"https:\/\/www.ernstbrunn-apotheke.at\/katalog\/wp-json\/wp\/v2\/product\/26234","targetHints":{"allow":["GET"]}}],"collection":[{"href":"https:\/\/www.ernstbrunn-apotheke.at\/katalog\/wp-json\/wp\/v2\/product"}],"about":[{"href":"https:\/\/www.ernstbrunn-apotheke.at\/katalog\/wp-json\/wp\/v2\/types\/product"}],"wp:featuredmedia":[{"embeddable":true,"href":"https:\/\/www.ernstbrunn-apotheke.at\/katalog\/wp-json\/wp\/v2\/media\/26236"}],"wp:attachment":[{"href":"https:\/\/www.ernstbrunn-apotheke.at\/katalog\/wp-json\/wp\/v2\/media?parent=26234"}],"wp:term":[{"taxonomy":"product_brand","embeddable":true,"href":"https:\/\/www.ernstbrunn-apotheke.at\/katalog\/wp-json\/wp\/v2\/product_brand?post=26234"},{"taxonomy":"product_cat","embeddable":true,"href":"https:\/\/www.ernstbrunn-apotheke.at\/katalog\/wp-json\/wp\/v2\/product_cat?post=26234"},{"taxonomy":"product_tag","embeddable":true,"href":"https:\/\/www.ernstbrunn-apotheke.at\/katalog\/wp-json\/wp\/v2\/product_tag?post=26234"}],"curies":[{"name":"wp","href":"https:\/\/api.w.org\/{rel}","templated":true}]}}