{"id":26209,"date":"2025-11-07T23:26:38","date_gmt":"2025-11-07T22:26:38","guid":{"rendered":"https:\/\/www.ernstbrunn-apotheke.at\/katalog\/produkt\/weleda-regenerationshandcreme-50-ml-granatapfel\/"},"modified":"2025-12-08T14:49:53","modified_gmt":"2025-12-08T13:49:53","slug":"weleda-regenerationshandcreme-50-ml-granatapfel","status":"publish","type":"product","link":"https:\/\/www.ernstbrunn-apotheke.at\/katalog\/produkt\/weleda-regenerationshandcreme-50-ml-granatapfel\/","title":{"rendered":"Weleda Regenerationshandcreme 50 ml Granatapfel"},"content":{"rendered":"<p>Die neue Weleda Granatapfel-Regenerationshandcreme pflegt Ihre H\u00e4nde sp\u00fcrbar glatt und geschmeidig. Die gut einziehende Creme sch\u00fctzt durch den antioxidativen Wirkstoffkomplex vor vorzeitiger Hautalterung und beugt somit auch der Bildung von altersbedingten Pigmentflecken vor.<\/p>\n","protected":false},"excerpt":{"rendered":"<p>Die neue Weleda Granatapfel-Regenerationshandcreme pflegt Ihre H\u00e4nde sp\u00fcrbar glatt und geschmeidig. Die gut einziehende Creme sch\u00fctzt durch den antioxidativen Wirkstoffkomplex vor vorzeitiger Hautalterung und beugt somit auch der Bildung von altersbedingten Pigmentflecken vor.<\/p>\n","protected":false},"featured_media":26211,"template":"","meta":{"_acf_changed":false},"product_brand":[567],"product_cat":[796],"product_tag":[],"class_list":{"0":"post-26209","1":"product","2":"type-product","3":"status-publish","4":"has-post-thumbnail","6":"product_brand-weleda","7":"product_cat-w","8":"pa_packungsgroesse-50ml","10":"first","11":"instock","12":"shipping-taxable","13":"purchasable","14":"product-type-simple"},"acf":[],"_links":{"self":[{"href":"https:\/\/www.ernstbrunn-apotheke.at\/katalog\/wp-json\/wp\/v2\/product\/26209","targetHints":{"allow":["GET"]}}],"collection":[{"href":"https:\/\/www.ernstbrunn-apotheke.at\/katalog\/wp-json\/wp\/v2\/product"}],"about":[{"href":"https:\/\/www.ernstbrunn-apotheke.at\/katalog\/wp-json\/wp\/v2\/types\/product"}],"wp:featuredmedia":[{"embeddable":true,"href":"https:\/\/www.ernstbrunn-apotheke.at\/katalog\/wp-json\/wp\/v2\/media\/26211"}],"wp:attachment":[{"href":"https:\/\/www.ernstbrunn-apotheke.at\/katalog\/wp-json\/wp\/v2\/media?parent=26209"}],"wp:term":[{"taxonomy":"product_brand","embeddable":true,"href":"https:\/\/www.ernstbrunn-apotheke.at\/katalog\/wp-json\/wp\/v2\/product_brand?post=26209"},{"taxonomy":"product_cat","embeddable":true,"href":"https:\/\/www.ernstbrunn-apotheke.at\/katalog\/wp-json\/wp\/v2\/product_cat?post=26209"},{"taxonomy":"product_tag","embeddable":true,"href":"https:\/\/www.ernstbrunn-apotheke.at\/katalog\/wp-json\/wp\/v2\/product_tag?post=26209"}],"curies":[{"name":"wp","href":"https:\/\/api.w.org\/{rel}","templated":true}]}}