{"id":26156,"date":"2025-11-07T23:25:29","date_gmt":"2025-11-07T22:25:29","guid":{"rendered":"https:\/\/www.ernstbrunn-apotheke.at\/katalog\/produkt\/burgit-fussbad-erfrischung-250-g\/"},"modified":"2025-12-08T14:49:37","modified_gmt":"2025-12-08T13:49:37","slug":"burgit-fussbad-erfrischung-250-g","status":"publish","type":"product","link":"https:\/\/www.ernstbrunn-apotheke.at\/katalog\/produkt\/burgit-fussbad-erfrischung-250-g\/","title":{"rendered":"Burgit Fu\u00dfbad Erfrischung 250 g"},"content":{"rendered":"<p>Burgit Erfrischendes Fu\u00dfbad enth\u00e4lt Eukalyptus-\u00d6l, wirkt haut-tonisierend und f\u00f6rdert die Durchblutung. Au\u00dferdem wirkt es anregend bei m\u00fcden, brennenden und schmerzenden F\u00fc\u00dfen und Beinen.<\/p>\n","protected":false},"excerpt":{"rendered":"<p>Burgit Erfrischendes Fu\u00dfbad enth\u00e4lt Eukalyptus-\u00d6l, wirkt haut-tonisierend und f\u00f6rdert die Durchblutung. Au\u00dferdem wirkt es anregend bei m\u00fcden, brennenden und schmerzenden F\u00fc\u00dfen und Beinen.<\/p>\n","protected":false},"featured_media":26158,"template":"","meta":{"_acf_changed":false},"product_brand":[739],"product_cat":[802],"product_tag":[],"class_list":{"0":"post-26156","1":"product","2":"type-product","3":"status-publish","4":"has-post-thumbnail","6":"product_brand-burgit","7":"product_cat-b","8":"pa_packungsgroesse-250g","10":"first","11":"instock","12":"shipping-taxable","13":"purchasable","14":"product-type-simple"},"acf":[],"_links":{"self":[{"href":"https:\/\/www.ernstbrunn-apotheke.at\/katalog\/wp-json\/wp\/v2\/product\/26156","targetHints":{"allow":["GET"]}}],"collection":[{"href":"https:\/\/www.ernstbrunn-apotheke.at\/katalog\/wp-json\/wp\/v2\/product"}],"about":[{"href":"https:\/\/www.ernstbrunn-apotheke.at\/katalog\/wp-json\/wp\/v2\/types\/product"}],"wp:featuredmedia":[{"embeddable":true,"href":"https:\/\/www.ernstbrunn-apotheke.at\/katalog\/wp-json\/wp\/v2\/media\/26158"}],"wp:attachment":[{"href":"https:\/\/www.ernstbrunn-apotheke.at\/katalog\/wp-json\/wp\/v2\/media?parent=26156"}],"wp:term":[{"taxonomy":"product_brand","embeddable":true,"href":"https:\/\/www.ernstbrunn-apotheke.at\/katalog\/wp-json\/wp\/v2\/product_brand?post=26156"},{"taxonomy":"product_cat","embeddable":true,"href":"https:\/\/www.ernstbrunn-apotheke.at\/katalog\/wp-json\/wp\/v2\/product_cat?post=26156"},{"taxonomy":"product_tag","embeddable":true,"href":"https:\/\/www.ernstbrunn-apotheke.at\/katalog\/wp-json\/wp\/v2\/product_tag?post=26156"}],"curies":[{"name":"wp","href":"https:\/\/api.w.org\/{rel}","templated":true}]}}