{"id":26096,"date":"2025-11-07T23:24:37","date_gmt":"2025-11-07T22:24:37","guid":{"rendered":"https:\/\/www.ernstbrunn-apotheke.at\/katalog\/produkt\/neutrogena-norwegische-handcreme-50-ml-unparfuemiert\/"},"modified":"2025-12-08T14:49:21","modified_gmt":"2025-12-08T13:49:21","slug":"neutrogena-norwegische-handcreme-50-ml-unparfuemiert","status":"publish","type":"product","link":"https:\/\/www.ernstbrunn-apotheke.at\/katalog\/produkt\/neutrogena-norwegische-handcreme-50-ml-unparfuemiert\/","title":{"rendered":"Neutrogena Norwegische Handcreme 50 ml Unparf\u00fcmiert"},"content":{"rendered":"<p>Die Neutrogena Handcreme ist eine konzentrierte Handcreme speziell f\u00fcrr angegriffene und trockene H\u00e4nde. Sie hat eine sofortige und langanhaltende Wirkung selbst f\u00fcr extrem beanspruchte H\u00e4nde. Ein einziger Tropfen gen\u00fcgt &#8211; die Formel wirkt sofort beruhigend und sch\u00fctzt sehr angegriffene und trockene H\u00e4nde. Selbst unter extremsten Bedingungen werden Ihre H\u00e4nde sp\u00fcrbar sanfter und glatter.<\/p>\n","protected":false},"excerpt":{"rendered":"<p>Die Neutrogena Handcreme ist eine konzentrierte Handcreme speziell f\u00fcrr angegriffene und trockene H\u00e4nde. Sie hat eine sofortige und langanhaltende Wirkung selbst f\u00fcr extrem beanspruchte H\u00e4nde. Ein einziger Tropfen gen\u00fcgt &#8211; die Formel wirkt sofort beruhigend und sch\u00fctzt sehr angegriffene und trockene H\u00e4nde. Selbst unter extremsten Bedingungen werden Ihre H\u00e4nde sp\u00fcrbar sanfter und glatter.<\/p>\n","protected":false},"featured_media":26098,"template":"","meta":{"_acf_changed":false},"product_brand":[745],"product_cat":[797],"product_tag":[],"class_list":{"0":"post-26096","1":"product","2":"type-product","3":"status-publish","4":"has-post-thumbnail","6":"product_brand-neutrogena","7":"product_cat-n","8":"pa_packungsgroesse-50ml","10":"first","11":"instock","12":"shipping-taxable","13":"purchasable","14":"product-type-simple"},"acf":[],"_links":{"self":[{"href":"https:\/\/www.ernstbrunn-apotheke.at\/katalog\/wp-json\/wp\/v2\/product\/26096","targetHints":{"allow":["GET"]}}],"collection":[{"href":"https:\/\/www.ernstbrunn-apotheke.at\/katalog\/wp-json\/wp\/v2\/product"}],"about":[{"href":"https:\/\/www.ernstbrunn-apotheke.at\/katalog\/wp-json\/wp\/v2\/types\/product"}],"wp:featuredmedia":[{"embeddable":true,"href":"https:\/\/www.ernstbrunn-apotheke.at\/katalog\/wp-json\/wp\/v2\/media\/26098"}],"wp:attachment":[{"href":"https:\/\/www.ernstbrunn-apotheke.at\/katalog\/wp-json\/wp\/v2\/media?parent=26096"}],"wp:term":[{"taxonomy":"product_brand","embeddable":true,"href":"https:\/\/www.ernstbrunn-apotheke.at\/katalog\/wp-json\/wp\/v2\/product_brand?post=26096"},{"taxonomy":"product_cat","embeddable":true,"href":"https:\/\/www.ernstbrunn-apotheke.at\/katalog\/wp-json\/wp\/v2\/product_cat?post=26096"},{"taxonomy":"product_tag","embeddable":true,"href":"https:\/\/www.ernstbrunn-apotheke.at\/katalog\/wp-json\/wp\/v2\/product_tag?post=26096"}],"curies":[{"name":"wp","href":"https:\/\/api.w.org\/{rel}","templated":true}]}}