{"id":26078,"date":"2025-11-07T23:24:37","date_gmt":"2025-11-07T22:24:37","guid":{"rendered":"https:\/\/www.ernstbrunn-apotheke.at\/katalog\/produkt\/medipharma-cosmetics-olivenoel-dermatologische-handcreme-100-ml\/"},"modified":"2025-12-08T14:49:15","modified_gmt":"2025-12-08T13:49:15","slug":"medipharma-cosmetics-olivenoel-dermatologische-handcreme-100-ml","status":"publish","type":"product","link":"https:\/\/www.ernstbrunn-apotheke.at\/katalog\/produkt\/medipharma-cosmetics-olivenoel-dermatologische-handcreme-100-ml\/","title":{"rendered":"Medipharma Cosmetics Oliven\u00f6l Dermatologische Handcreme 100 ml"},"content":{"rendered":"<p>Haut in Balance Oliven\u00f6l Dermatologische Handcreme ist frei von Farbstoffen, Silikon\u00f6len, Paraffin\u00f6len, Wollwachsen und Parabenen. Sie regeneriert und pflegt trockene, rissige H\u00e4nde. Mit der einzigartigen Wirkstoffkombination aus Oliven\u00f6l und Urea wird die Haut wieder zart, raue Stellen k\u00f6nnen wieder geschmeidig werden. .<\/p>\n","protected":false},"excerpt":{"rendered":"<p>Haut in Balance Oliven\u00f6l Dermatologische Handcreme ist frei von Farbstoffen, Silikon\u00f6len, Paraffin\u00f6len, Wollwachsen und Parabenen. Sie regeneriert und pflegt trockene, rissige H\u00e4nde. Mit der einzigartigen Wirkstoffkombination aus Oliven\u00f6l und Urea wird die Haut wieder zart, raue Stellen k\u00f6nnen wieder geschmeidig werden. .<\/p>\n","protected":false},"featured_media":26080,"template":"","meta":{"_acf_changed":false},"product_brand":[685],"product_cat":[800],"product_tag":[],"class_list":{"0":"post-26078","1":"product","2":"type-product","3":"status-publish","4":"has-post-thumbnail","6":"product_brand-olivenoel-theiss","7":"product_cat-m","8":"pa_packungsgroesse-100ml","10":"first","11":"instock","12":"shipping-taxable","13":"purchasable","14":"product-type-simple"},"acf":[],"_links":{"self":[{"href":"https:\/\/www.ernstbrunn-apotheke.at\/katalog\/wp-json\/wp\/v2\/product\/26078","targetHints":{"allow":["GET"]}}],"collection":[{"href":"https:\/\/www.ernstbrunn-apotheke.at\/katalog\/wp-json\/wp\/v2\/product"}],"about":[{"href":"https:\/\/www.ernstbrunn-apotheke.at\/katalog\/wp-json\/wp\/v2\/types\/product"}],"wp:featuredmedia":[{"embeddable":true,"href":"https:\/\/www.ernstbrunn-apotheke.at\/katalog\/wp-json\/wp\/v2\/media\/26080"}],"wp:attachment":[{"href":"https:\/\/www.ernstbrunn-apotheke.at\/katalog\/wp-json\/wp\/v2\/media?parent=26078"}],"wp:term":[{"taxonomy":"product_brand","embeddable":true,"href":"https:\/\/www.ernstbrunn-apotheke.at\/katalog\/wp-json\/wp\/v2\/product_brand?post=26078"},{"taxonomy":"product_cat","embeddable":true,"href":"https:\/\/www.ernstbrunn-apotheke.at\/katalog\/wp-json\/wp\/v2\/product_cat?post=26078"},{"taxonomy":"product_tag","embeddable":true,"href":"https:\/\/www.ernstbrunn-apotheke.at\/katalog\/wp-json\/wp\/v2\/product_tag?post=26078"}],"curies":[{"name":"wp","href":"https:\/\/api.w.org\/{rel}","templated":true}]}}