{"id":26069,"date":"2025-11-07T23:24:37","date_gmt":"2025-11-07T22:24:37","guid":{"rendered":"https:\/\/www.ernstbrunn-apotheke.at\/katalog\/produkt\/allgaeuer-latschenkiefer-fussbalsam\/"},"modified":"2025-12-08T14:49:11","modified_gmt":"2025-12-08T13:49:11","slug":"allgaeuer-latschenkiefer-fussbalsam","status":"publish","type":"product","link":"https:\/\/www.ernstbrunn-apotheke.at\/katalog\/produkt\/allgaeuer-latschenkiefer-fussbalsam\/","title":{"rendered":"Allg\u00e4uer Latschenkiefer Fu\u00dfbalsam"},"content":{"rendered":"<p>Allg\u00e4uer Latschenkiefer Fu\u00dfbalsam enth\u00e4lt nat\u00fcrliches Allg\u00e4uer Latschenkiefern\u00f6l, das die Durchblutung der F\u00fc\u00dfe f\u00f6rdert. Der Balsam pflegt die beanspruchten Hautstellen, die Haut wird geschmeidig und widerstandsf\u00e4hig. Die antibakterielle Wirkung vermindert zudem die Geruchsbildung. erhalten Sie dieses Produkt in den Packungsgr\u00f6\u00dfen 100 ml und 200 ml.<\/p>\n","protected":false},"excerpt":{"rendered":"<p>Allg\u00e4uer Latschenkiefer Fu\u00dfbalsam enth\u00e4lt nat\u00fcrliches Allg\u00e4uer Latschenkiefern\u00f6l, das die Durchblutung der F\u00fc\u00dfe f\u00f6rdert. Der Balsam pflegt die beanspruchten Hautstellen, die Haut wird geschmeidig und widerstandsf\u00e4hig. Die antibakterielle Wirkung vermindert zudem die Geruchsbildung. erhalten Sie dieses Produkt in den Packungsgr\u00f6\u00dfen 100 ml und 200 ml.<\/p>\n","protected":false},"featured_media":26071,"template":"","meta":{"_acf_changed":false},"product_brand":[744],"product_cat":[801],"product_tag":[],"class_list":{"0":"post-26069","1":"product","2":"type-product","3":"status-publish","4":"has-post-thumbnail","6":"product_brand-allgaeuer-latschenkiefer","7":"product_cat-a","8":"pa_packungsgroesse-200ml","10":"first","11":"instock","12":"shipping-taxable","13":"purchasable","14":"product-type-simple"},"acf":[],"_links":{"self":[{"href":"https:\/\/www.ernstbrunn-apotheke.at\/katalog\/wp-json\/wp\/v2\/product\/26069","targetHints":{"allow":["GET"]}}],"collection":[{"href":"https:\/\/www.ernstbrunn-apotheke.at\/katalog\/wp-json\/wp\/v2\/product"}],"about":[{"href":"https:\/\/www.ernstbrunn-apotheke.at\/katalog\/wp-json\/wp\/v2\/types\/product"}],"wp:featuredmedia":[{"embeddable":true,"href":"https:\/\/www.ernstbrunn-apotheke.at\/katalog\/wp-json\/wp\/v2\/media\/26071"}],"wp:attachment":[{"href":"https:\/\/www.ernstbrunn-apotheke.at\/katalog\/wp-json\/wp\/v2\/media?parent=26069"}],"wp:term":[{"taxonomy":"product_brand","embeddable":true,"href":"https:\/\/www.ernstbrunn-apotheke.at\/katalog\/wp-json\/wp\/v2\/product_brand?post=26069"},{"taxonomy":"product_cat","embeddable":true,"href":"https:\/\/www.ernstbrunn-apotheke.at\/katalog\/wp-json\/wp\/v2\/product_cat?post=26069"},{"taxonomy":"product_tag","embeddable":true,"href":"https:\/\/www.ernstbrunn-apotheke.at\/katalog\/wp-json\/wp\/v2\/product_tag?post=26069"}],"curies":[{"name":"wp","href":"https:\/\/api.w.org\/{rel}","templated":true}]}}