{"id":26042,"date":"2025-11-07T23:23:41","date_gmt":"2025-11-07T22:23:41","guid":{"rendered":"https:\/\/www.ernstbrunn-apotheke.at\/katalog\/produkt\/bio-h-tin-handcreme-60-ml\/"},"modified":"2025-12-08T14:49:05","modified_gmt":"2025-12-08T13:49:05","slug":"bio-h-tin-handcreme-60-ml","status":"publish","type":"product","link":"https:\/\/www.ernstbrunn-apotheke.at\/katalog\/produkt\/bio-h-tin-handcreme-60-ml\/","title":{"rendered":"Bio-h-tin Handcreme 60 ml"},"content":{"rendered":"<p>Bio-h-tin Handcreme zieht schnell ein, Ihre H\u00e4nde werden sp\u00fcrbar zart und geschmeidig. Wertvolle Wirkstoffe wie Aprikosenkern\u00f6l, Panthenol und Aloe Vera spenden intensive Feuchtigkeit und bewahren die Haut vor dem Austrocknen. Das Vitamin Biotin hat einen positiven Effekt auf die Gesunderhaltung der Haut. Vitamin E als nat\u00fcrlicher Radikalf\u00e4nger beugt vorzeitiger lichtbedingter Hautalterung vor.<\/p>\n","protected":false},"excerpt":{"rendered":"<p>Bio-h-tin Handcreme zieht schnell ein, Ihre H\u00e4nde werden sp\u00fcrbar zart und geschmeidig. Wertvolle Wirkstoffe wie Aprikosenkern\u00f6l, Panthenol und Aloe Vera spenden intensive Feuchtigkeit und bewahren die Haut vor dem Austrocknen. Das Vitamin Biotin hat einen positiven Effekt auf die Gesunderhaltung der Haut. Vitamin E als nat\u00fcrlicher Radikalf\u00e4nger beugt vorzeitiger lichtbedingter Hautalterung vor.<\/p>\n","protected":false},"featured_media":26044,"template":"","meta":{"_acf_changed":false},"product_brand":[634],"product_cat":[802],"product_tag":[],"class_list":{"0":"post-26042","1":"product","2":"type-product","3":"status-publish","4":"has-post-thumbnail","6":"product_brand-bio-h-tin","7":"product_cat-b","8":"pa_packungsgroesse-60ml","10":"first","11":"instock","12":"shipping-taxable","13":"purchasable","14":"product-type-simple"},"acf":[],"_links":{"self":[{"href":"https:\/\/www.ernstbrunn-apotheke.at\/katalog\/wp-json\/wp\/v2\/product\/26042","targetHints":{"allow":["GET"]}}],"collection":[{"href":"https:\/\/www.ernstbrunn-apotheke.at\/katalog\/wp-json\/wp\/v2\/product"}],"about":[{"href":"https:\/\/www.ernstbrunn-apotheke.at\/katalog\/wp-json\/wp\/v2\/types\/product"}],"wp:featuredmedia":[{"embeddable":true,"href":"https:\/\/www.ernstbrunn-apotheke.at\/katalog\/wp-json\/wp\/v2\/media\/26044"}],"wp:attachment":[{"href":"https:\/\/www.ernstbrunn-apotheke.at\/katalog\/wp-json\/wp\/v2\/media?parent=26042"}],"wp:term":[{"taxonomy":"product_brand","embeddable":true,"href":"https:\/\/www.ernstbrunn-apotheke.at\/katalog\/wp-json\/wp\/v2\/product_brand?post=26042"},{"taxonomy":"product_cat","embeddable":true,"href":"https:\/\/www.ernstbrunn-apotheke.at\/katalog\/wp-json\/wp\/v2\/product_cat?post=26042"},{"taxonomy":"product_tag","embeddable":true,"href":"https:\/\/www.ernstbrunn-apotheke.at\/katalog\/wp-json\/wp\/v2\/product_tag?post=26042"}],"curies":[{"name":"wp","href":"https:\/\/api.w.org\/{rel}","templated":true}]}}