{"id":25863,"date":"2025-11-07T23:21:39","date_gmt":"2025-11-07T22:21:39","guid":{"rendered":"https:\/\/www.ernstbrunn-apotheke.at\/katalog\/produkt\/gehwol-beinbalsam\/"},"modified":"2025-12-08T14:48:24","modified_gmt":"2025-12-08T13:48:24","slug":"gehwol-beinbalsam","status":"publish","type":"product","link":"https:\/\/www.ernstbrunn-apotheke.at\/katalog\/produkt\/gehwol-beinbalsam\/","title":{"rendered":"Gehwol Beinbalsam"},"content":{"rendered":"<p>Gehwol Bein-Balsam ist ein wohltuend-pflegender Heilkr\u00e4uterbalsam f\u00fcr Bein und Fu\u00df. Gehwol Bein-Balsam ist ein pflegender nicht fettender Heilkr\u00e4uterbalsam speziell f\u00fcr die Bein- und Fu\u00dfkosmetik. Allantoin, ein Wirkstoff der Ro\u00dfkastanie, Bisabolol, ein Bestandteil der Kamille, Hamamelis-Extrakt, Menthol und Panthenol wirken reizlindernd, mild adstringierend und wohltuend bei Hautunreinheiten und R\u00f6tungen. Die wertvollen Wirkstoffe werden rasch von der Haut aufgenommen. Gehwol Bein-Balsam sorgt bei regelm\u00e4\u00dfiger Anwendung f\u00fcr glatte, geschmeidige und sch\u00f6ne Haut. Trockene Haut, Hautunreinheiten, Verf\u00e4rbungen, Fu\u00dfpilz und vorzeitiges Altern der Haut werden verh\u00fctet. Eine leichte Massage kr\u00e4ftigt die Venen, lindert Beinbeschwerden w\u00e4hrend der Schwangerschaft und gibt sofort ein angenehmes Gef\u00fchl der Frische.<\/p>\n","protected":false},"excerpt":{"rendered":"<p>Gehwol Bein-Balsam ist ein wohltuend-pflegender Heilkr\u00e4uterbalsam f\u00fcr Bein und Fu\u00df. Gehwol Bein-Balsam ist ein pflegender nicht fettender Heilkr\u00e4uterbalsam speziell f\u00fcr die Bein- und Fu\u00dfkosmetik. Allantoin, ein Wirkstoff der Ro\u00dfkastanie, Bisabolol, ein Bestandteil der Kamille, Hamamelis-Extrakt, Menthol und Panthenol wirken reizlindernd, mild adstringierend und wohltuend bei Hautunreinheiten und R\u00f6tungen. Die wertvollen Wirkstoffe werden rasch von der [&hellip;]<\/p>\n","protected":false},"featured_media":25865,"template":"","meta":{"_acf_changed":false},"product_brand":[320],"product_cat":[810],"product_tag":[],"class_list":{"0":"post-25863","1":"product","2":"type-product","3":"status-publish","4":"has-post-thumbnail","6":"product_brand-gehwol","7":"product_cat-g","8":"pa_packungsgroesse-125ml","10":"first","11":"instock","12":"shipping-taxable","13":"purchasable","14":"product-type-simple"},"acf":[],"_links":{"self":[{"href":"https:\/\/www.ernstbrunn-apotheke.at\/katalog\/wp-json\/wp\/v2\/product\/25863","targetHints":{"allow":["GET"]}}],"collection":[{"href":"https:\/\/www.ernstbrunn-apotheke.at\/katalog\/wp-json\/wp\/v2\/product"}],"about":[{"href":"https:\/\/www.ernstbrunn-apotheke.at\/katalog\/wp-json\/wp\/v2\/types\/product"}],"wp:featuredmedia":[{"embeddable":true,"href":"https:\/\/www.ernstbrunn-apotheke.at\/katalog\/wp-json\/wp\/v2\/media\/25865"}],"wp:attachment":[{"href":"https:\/\/www.ernstbrunn-apotheke.at\/katalog\/wp-json\/wp\/v2\/media?parent=25863"}],"wp:term":[{"taxonomy":"product_brand","embeddable":true,"href":"https:\/\/www.ernstbrunn-apotheke.at\/katalog\/wp-json\/wp\/v2\/product_brand?post=25863"},{"taxonomy":"product_cat","embeddable":true,"href":"https:\/\/www.ernstbrunn-apotheke.at\/katalog\/wp-json\/wp\/v2\/product_cat?post=25863"},{"taxonomy":"product_tag","embeddable":true,"href":"https:\/\/www.ernstbrunn-apotheke.at\/katalog\/wp-json\/wp\/v2\/product_tag?post=25863"}],"curies":[{"name":"wp","href":"https:\/\/api.w.org\/{rel}","templated":true}]}}