{"id":25808,"date":"2025-11-07T23:20:42","date_gmt":"2025-11-07T22:20:42","guid":{"rendered":"https:\/\/www.ernstbrunn-apotheke.at\/katalog\/produkt\/dikla-nagelhaerter-express-12-ml\/"},"modified":"2025-12-08T14:48:13","modified_gmt":"2025-12-08T13:48:13","slug":"dikla-nagelhaerter-express-12-ml","status":"publish","type":"product","link":"https:\/\/www.ernstbrunn-apotheke.at\/katalog\/produkt\/dikla-nagelhaerter-express-12-ml\/","title":{"rendered":"Dikla Nagelh\u00e4rter Express 12 ml"},"content":{"rendered":"<p>Dikla Nagelh\u00e4rter Express wirkt antioxidativ, was das vorzeitige Altern des Nagel-Keratins verhindern kann. Der Regenerierende Nagelh\u00e4rter kr\u00e4ftigt den Nagel und vermindert Splittern. Ein sch\u00fctzender und langanhaltender Waterproof-Film sch\u00fctzt den Nagel vor dem Aufweichen beim Kontakt mit Wasser.<\/p>\n","protected":false},"excerpt":{"rendered":"<p>Dikla Nagelh\u00e4rter Express wirkt antioxidativ, was das vorzeitige Altern des Nagel-Keratins verhindern kann. Der Regenerierende Nagelh\u00e4rter kr\u00e4ftigt den Nagel und vermindert Splittern. Ein sch\u00fctzender und langanhaltender Waterproof-Film sch\u00fctzt den Nagel vor dem Aufweichen beim Kontakt mit Wasser.<\/p>\n","protected":false},"featured_media":25810,"template":"","meta":{"_acf_changed":false},"product_brand":[],"product_cat":[792],"product_tag":[],"class_list":{"0":"post-25808","1":"product","2":"type-product","3":"status-publish","4":"has-post-thumbnail","6":"product_cat-d","7":"pa_packungsgroesse-12ml","9":"first","10":"instock","11":"shipping-taxable","12":"purchasable","13":"product-type-simple"},"acf":[],"_links":{"self":[{"href":"https:\/\/www.ernstbrunn-apotheke.at\/katalog\/wp-json\/wp\/v2\/product\/25808","targetHints":{"allow":["GET"]}}],"collection":[{"href":"https:\/\/www.ernstbrunn-apotheke.at\/katalog\/wp-json\/wp\/v2\/product"}],"about":[{"href":"https:\/\/www.ernstbrunn-apotheke.at\/katalog\/wp-json\/wp\/v2\/types\/product"}],"wp:featuredmedia":[{"embeddable":true,"href":"https:\/\/www.ernstbrunn-apotheke.at\/katalog\/wp-json\/wp\/v2\/media\/25810"}],"wp:attachment":[{"href":"https:\/\/www.ernstbrunn-apotheke.at\/katalog\/wp-json\/wp\/v2\/media?parent=25808"}],"wp:term":[{"taxonomy":"product_brand","embeddable":true,"href":"https:\/\/www.ernstbrunn-apotheke.at\/katalog\/wp-json\/wp\/v2\/product_brand?post=25808"},{"taxonomy":"product_cat","embeddable":true,"href":"https:\/\/www.ernstbrunn-apotheke.at\/katalog\/wp-json\/wp\/v2\/product_cat?post=25808"},{"taxonomy":"product_tag","embeddable":true,"href":"https:\/\/www.ernstbrunn-apotheke.at\/katalog\/wp-json\/wp\/v2\/product_tag?post=25808"}],"curies":[{"name":"wp","href":"https:\/\/api.w.org\/{rel}","templated":true}]}}