{"id":25805,"date":"2025-11-07T23:20:42","date_gmt":"2025-11-07T22:20:42","guid":{"rendered":"https:\/\/www.ernstbrunn-apotheke.at\/katalog\/produkt\/gehwol-med-nagelhautschutz-oel\/"},"modified":"2025-12-08T14:48:11","modified_gmt":"2025-12-08T13:48:11","slug":"gehwol-med-nagelhautschutz-oel","status":"publish","type":"product","link":"https:\/\/www.ernstbrunn-apotheke.at\/katalog\/produkt\/gehwol-med-nagelhautschutz-oel\/","title":{"rendered":"Gehwol Med. Nagelhautschutz \u00d6l"},"content":{"rendered":"<p>Gehwol Nagel- und Hautschutz-\u00d6l sch\u00fctzt wirkungsvoll vor Pilzbefall, pflegt N\u00e4gel und Haut elastisch und sch\u00f6n.<\/p>\n","protected":false},"excerpt":{"rendered":"<p>Gehwol Nagel- und Hautschutz-\u00d6l sch\u00fctzt wirkungsvoll vor Pilzbefall, pflegt N\u00e4gel und Haut elastisch und sch\u00f6n.<\/p>\n","protected":false},"featured_media":25807,"template":"","meta":{"_acf_changed":false},"product_brand":[320],"product_cat":[810],"product_tag":[],"class_list":{"0":"post-25805","1":"product","2":"type-product","3":"status-publish","4":"has-post-thumbnail","6":"product_brand-gehwol","7":"product_cat-g","8":"pa_packungsgroesse-15ml","10":"first","11":"instock","12":"shipping-taxable","13":"purchasable","14":"product-type-simple"},"acf":[],"_links":{"self":[{"href":"https:\/\/www.ernstbrunn-apotheke.at\/katalog\/wp-json\/wp\/v2\/product\/25805","targetHints":{"allow":["GET"]}}],"collection":[{"href":"https:\/\/www.ernstbrunn-apotheke.at\/katalog\/wp-json\/wp\/v2\/product"}],"about":[{"href":"https:\/\/www.ernstbrunn-apotheke.at\/katalog\/wp-json\/wp\/v2\/types\/product"}],"wp:featuredmedia":[{"embeddable":true,"href":"https:\/\/www.ernstbrunn-apotheke.at\/katalog\/wp-json\/wp\/v2\/media\/25807"}],"wp:attachment":[{"href":"https:\/\/www.ernstbrunn-apotheke.at\/katalog\/wp-json\/wp\/v2\/media?parent=25805"}],"wp:term":[{"taxonomy":"product_brand","embeddable":true,"href":"https:\/\/www.ernstbrunn-apotheke.at\/katalog\/wp-json\/wp\/v2\/product_brand?post=25805"},{"taxonomy":"product_cat","embeddable":true,"href":"https:\/\/www.ernstbrunn-apotheke.at\/katalog\/wp-json\/wp\/v2\/product_cat?post=25805"},{"taxonomy":"product_tag","embeddable":true,"href":"https:\/\/www.ernstbrunn-apotheke.at\/katalog\/wp-json\/wp\/v2\/product_tag?post=25805"}],"curies":[{"name":"wp","href":"https:\/\/api.w.org\/{rel}","templated":true}]}}