{"id":25783,"date":"2025-11-07T23:19:56","date_gmt":"2025-11-07T22:19:56","guid":{"rendered":"https:\/\/www.ernstbrunn-apotheke.at\/katalog\/produkt\/riviera-hirschtalg-fusscreme-75-ml\/"},"modified":"2025-12-08T14:48:07","modified_gmt":"2025-12-08T13:48:07","slug":"riviera-hirschtalg-fusscreme-75-ml","status":"publish","type":"product","link":"https:\/\/www.ernstbrunn-apotheke.at\/katalog\/produkt\/riviera-hirschtalg-fusscreme-75-ml\/","title":{"rendered":"Riviera Hirschtalg Fu\u00dfcreme 75 ml"},"content":{"rendered":"<p>Riviera Hirschtalg Fu\u00dfcreme ist die ideale Creme f\u00fcr Wandern, Laufen und andere Dauerbelastungen. H\u00e4lt Ihre F\u00fc\u00dfe geschmeidig und sorgt f\u00fcr ein angenehmes Hautgef\u00fchl. Diese Salbe enth\u00e4lt die qualitativ hochwertigsten Rohstoffe und ist f\u00fcr jede sportliche Aktivit\u00e4t bestens geeignet.<\/p>\n","protected":false},"excerpt":{"rendered":"<p>Riviera Hirschtalg Fu\u00dfcreme ist die ideale Creme f\u00fcr Wandern, Laufen und andere Dauerbelastungen. H\u00e4lt Ihre F\u00fc\u00dfe geschmeidig und sorgt f\u00fcr ein angenehmes Hautgef\u00fchl. Diese Salbe enth\u00e4lt die qualitativ hochwertigsten Rohstoffe und ist f\u00fcr jede sportliche Aktivit\u00e4t bestens geeignet.<\/p>\n","protected":false},"featured_media":25785,"template":"","meta":{"_acf_changed":false},"product_brand":[303],"product_cat":[808],"product_tag":[],"class_list":{"0":"post-25783","1":"product","2":"type-product","3":"status-publish","4":"has-post-thumbnail","6":"product_brand-riviera","7":"product_cat-r","8":"pa_packungsgroesse-75ml","10":"first","11":"instock","12":"shipping-taxable","13":"purchasable","14":"product-type-simple"},"acf":[],"_links":{"self":[{"href":"https:\/\/www.ernstbrunn-apotheke.at\/katalog\/wp-json\/wp\/v2\/product\/25783","targetHints":{"allow":["GET"]}}],"collection":[{"href":"https:\/\/www.ernstbrunn-apotheke.at\/katalog\/wp-json\/wp\/v2\/product"}],"about":[{"href":"https:\/\/www.ernstbrunn-apotheke.at\/katalog\/wp-json\/wp\/v2\/types\/product"}],"wp:featuredmedia":[{"embeddable":true,"href":"https:\/\/www.ernstbrunn-apotheke.at\/katalog\/wp-json\/wp\/v2\/media\/25785"}],"wp:attachment":[{"href":"https:\/\/www.ernstbrunn-apotheke.at\/katalog\/wp-json\/wp\/v2\/media?parent=25783"}],"wp:term":[{"taxonomy":"product_brand","embeddable":true,"href":"https:\/\/www.ernstbrunn-apotheke.at\/katalog\/wp-json\/wp\/v2\/product_brand?post=25783"},{"taxonomy":"product_cat","embeddable":true,"href":"https:\/\/www.ernstbrunn-apotheke.at\/katalog\/wp-json\/wp\/v2\/product_cat?post=25783"},{"taxonomy":"product_tag","embeddable":true,"href":"https:\/\/www.ernstbrunn-apotheke.at\/katalog\/wp-json\/wp\/v2\/product_tag?post=25783"}],"curies":[{"name":"wp","href":"https:\/\/api.w.org\/{rel}","templated":true}]}}