{"id":25699,"date":"2025-11-07T23:18:38","date_gmt":"2025-11-07T22:18:38","guid":{"rendered":"https:\/\/www.ernstbrunn-apotheke.at\/katalog\/produkt\/eubos-diabetes-fuss-und-beinbalsam-100-ml\/"},"modified":"2025-12-08T14:47:47","modified_gmt":"2025-12-08T13:47:47","slug":"eubos-diabetes-fuss-und-beinbalsam-100-ml","status":"publish","type":"product","link":"https:\/\/www.ernstbrunn-apotheke.at\/katalog\/produkt\/eubos-diabetes-fuss-und-beinbalsam-100-ml\/","title":{"rendered":"Eubos Diabetes Fu\u00df- und Beinbalsam 100 ml"},"content":{"rendered":"<p>Eubos Diabetische Haut Pflege Fu\u00df > Bein enth\u00e4lt den Wirkstoff-Balsam (O\/W-Emulsion) mit speziell auf die diabetische Haut abgestimmten Multiv-Activ Formel und spendet nachhaltig und langanhaltend Feuchtigkeit. Es st\u00e4rkt die Abwehrkraft der Haut. F\u00fcr die t\u00e4gliche Fu\u00df- und Beinpflege bei trockener, sehr trockener, spannender und gereizter Haut.<\/p>\n","protected":false},"excerpt":{"rendered":"<p>Eubos Diabetische Haut Pflege Fu\u00df > Bein enth\u00e4lt den Wirkstoff-Balsam (O\/W-Emulsion) mit speziell auf die diabetische Haut abgestimmten Multiv-Activ Formel und spendet nachhaltig und langanhaltend Feuchtigkeit. Es st\u00e4rkt die Abwehrkraft der Haut. F\u00fcr die t\u00e4gliche Fu\u00df- und Beinpflege bei trockener, sehr trockener, spannender und gereizter Haut.<\/p>\n","protected":false},"featured_media":25701,"template":"","meta":{"_acf_changed":false},"product_brand":[694],"product_cat":[794],"product_tag":[],"class_list":{"0":"post-25699","1":"product","2":"type-product","3":"status-publish","4":"has-post-thumbnail","6":"product_brand-eubos","7":"product_cat-e","8":"pa_packungsgroesse-100ml","10":"first","11":"instock","12":"shipping-taxable","13":"purchasable","14":"product-type-simple"},"acf":[],"_links":{"self":[{"href":"https:\/\/www.ernstbrunn-apotheke.at\/katalog\/wp-json\/wp\/v2\/product\/25699","targetHints":{"allow":["GET"]}}],"collection":[{"href":"https:\/\/www.ernstbrunn-apotheke.at\/katalog\/wp-json\/wp\/v2\/product"}],"about":[{"href":"https:\/\/www.ernstbrunn-apotheke.at\/katalog\/wp-json\/wp\/v2\/types\/product"}],"wp:featuredmedia":[{"embeddable":true,"href":"https:\/\/www.ernstbrunn-apotheke.at\/katalog\/wp-json\/wp\/v2\/media\/25701"}],"wp:attachment":[{"href":"https:\/\/www.ernstbrunn-apotheke.at\/katalog\/wp-json\/wp\/v2\/media?parent=25699"}],"wp:term":[{"taxonomy":"product_brand","embeddable":true,"href":"https:\/\/www.ernstbrunn-apotheke.at\/katalog\/wp-json\/wp\/v2\/product_brand?post=25699"},{"taxonomy":"product_cat","embeddable":true,"href":"https:\/\/www.ernstbrunn-apotheke.at\/katalog\/wp-json\/wp\/v2\/product_cat?post=25699"},{"taxonomy":"product_tag","embeddable":true,"href":"https:\/\/www.ernstbrunn-apotheke.at\/katalog\/wp-json\/wp\/v2\/product_tag?post=25699"}],"curies":[{"name":"wp","href":"https:\/\/api.w.org\/{rel}","templated":true}]}}